{"id":7,"date":"2020-02-28T19:17:53","date_gmt":"2020-02-28T18:17:53","guid":{"rendered":"http:\/\/alternativa.pl\/?page_id=7"},"modified":"2022-02-05T22:16:33","modified_gmt":"2022-02-05T21:16:33","slug":"o-nas","status":"publish","type":"page","link":"https:\/\/alternativa.pl\/en\/o-nas\/","title":{"rendered":"About us"},"content":{"rendered":"","protected":false},"excerpt":{"rendered":"","protected":false},"author":1,"featured_media":0,"parent":0,"menu_order":0,"comment_status":"closed","ping_status":"closed","template":"about.php","meta":[],"yoast_head":"<!-- This site is optimized with the Yoast SEO plugin v18.2 - https:\/\/yoast.com\/wordpress\/plugins\/seo\/ -->\n<title>About us - Centrum Osteopatii i Rehabilitacji Alternativa<\/title>\n<meta name=\"description\" content=\"Zapewniamy profesjonaln\u0105 pomoc popart\u0105 wieloletni\u0105 praktyk\u0105 w kraju i za granic\u0105. Wykorzystujemy nowoczesne, sprawdzone i naukowo poparte metody terapii.\" \/>\n<meta name=\"robots\" content=\"index, follow, max-snippet:-1, max-image-preview:large, max-video-preview:-1\" \/>\n<link rel=\"canonical\" href=\"https:\/\/alternativa.pl\/o-nas\/\" \/>\n<meta property=\"og:locale\" content=\"en_US\" \/>\n<meta property=\"og:type\" content=\"article\" \/>\n<meta property=\"og:title\" content=\"About us - Centrum Osteopatii i Rehabilitacji Alternativa\" \/>\n<meta property=\"og:description\" content=\"Zapewniamy profesjonaln\u0105 pomoc popart\u0105 wieloletni\u0105 praktyk\u0105 w kraju i za granic\u0105. Wykorzystujemy nowoczesne, sprawdzone i naukowo poparte metody terapii.\" \/>\n<meta property=\"og:url\" content=\"https:\/\/alternativa.pl\/o-nas\/\" \/>\n<meta property=\"og:site_name\" content=\"Centrum Osteopatii i Rehabilitacji Alternativa\" \/>\n<meta property=\"article:publisher\" content=\"https:\/\/www.facebook.com\/people\/Centrum-Osteopatii-i-Rehabilitacji-Alternativa-Krak%c3%b3wRabka-Zdr%c3%b3j\/100078279031696\/\" \/>\n<meta property=\"article:modified_time\" content=\"2022-02-05T21:16:33+00:00\" \/>\n<meta name=\"twitter:card\" content=\"summary_large_image\" \/>\n<script type=\"application\/ld+json\" class=\"yoast-schema-graph\">{\"@context\":\"https:\/\/schema.org\",\"@graph\":[{\"@type\":\"WebSite\",\"@id\":\"https:\/\/alternativa.pl\/en\/#website\",\"url\":\"https:\/\/alternativa.pl\/en\/\",\"name\":\"Centrum Osteopatii i Rehabilitacji Alternativa\",\"description\":\"Diagnostyka i leczenie osteopatyczne oraz rehabilitacja neurologiczna i ortopedyczna prowadzona przez wykwalifikowanych terapeut\u00f3w.\",\"potentialAction\":[{\"@type\":\"SearchAction\",\"target\":{\"@type\":\"EntryPoint\",\"urlTemplate\":\"https:\/\/alternativa.pl\/en\/?s={search_term_string}\"},\"query-input\":\"required name=search_term_string\"}],\"inLanguage\":\"en-US\"},{\"@type\":\"WebPage\",\"@id\":\"https:\/\/alternativa.pl\/o-nas\/#webpage\",\"url\":\"https:\/\/alternativa.pl\/o-nas\/\",\"name\":\"About us - Centrum Osteopatii i Rehabilitacji Alternativa\",\"isPartOf\":{\"@id\":\"https:\/\/alternativa.pl\/en\/#website\"},\"datePublished\":\"2020-02-28T18:17:53+00:00\",\"dateModified\":\"2022-02-05T21:16:33+00:00\",\"description\":\"Zapewniamy profesjonaln\u0105 pomoc popart\u0105 wieloletni\u0105 praktyk\u0105 w kraju i za granic\u0105. Wykorzystujemy nowoczesne, sprawdzone i naukowo poparte metody terapii.\",\"breadcrumb\":{\"@id\":\"https:\/\/alternativa.pl\/o-nas\/#breadcrumb\"},\"inLanguage\":\"en-US\",\"potentialAction\":[{\"@type\":\"ReadAction\",\"target\":[\"https:\/\/alternativa.pl\/o-nas\/\"]}]},{\"@type\":\"BreadcrumbList\",\"@id\":\"https:\/\/alternativa.pl\/o-nas\/#breadcrumb\",\"itemListElement\":[{\"@type\":\"ListItem\",\"position\":1,\"name\":\"Home Page\",\"item\":\"https:\/\/alternativa.pl\/\"},{\"@type\":\"ListItem\",\"position\":2,\"name\":\"O nas\"}]}]}<\/script>\n<!-- \/ Yoast SEO plugin. -->","yoast_head_json":{"title":"About us - Centrum Osteopatii i Rehabilitacji Alternativa","description":"Zapewniamy profesjonaln\u0105 pomoc popart\u0105 wieloletni\u0105 praktyk\u0105 w kraju i za granic\u0105. Wykorzystujemy nowoczesne, sprawdzone i naukowo poparte metody terapii.","robots":{"index":"index","follow":"follow","max-snippet":"max-snippet:-1","max-image-preview":"max-image-preview:large","max-video-preview":"max-video-preview:-1"},"canonical":"https:\/\/alternativa.pl\/o-nas\/","og_locale":"en_US","og_type":"article","og_title":"About us - Centrum Osteopatii i Rehabilitacji Alternativa","og_description":"Zapewniamy profesjonaln\u0105 pomoc popart\u0105 wieloletni\u0105 praktyk\u0105 w kraju i za granic\u0105. Wykorzystujemy nowoczesne, sprawdzone i naukowo poparte metody terapii.","og_url":"https:\/\/alternativa.pl\/o-nas\/","og_site_name":"Centrum Osteopatii i Rehabilitacji Alternativa","article_publisher":"https:\/\/www.facebook.com\/people\/Centrum-Osteopatii-i-Rehabilitacji-Alternativa-Krak%c3%b3wRabka-Zdr%c3%b3j\/100078279031696\/","article_modified_time":"2022-02-05T21:16:33+00:00","twitter_card":"summary_large_image","schema":{"@context":"https:\/\/schema.org","@graph":[{"@type":"WebSite","@id":"https:\/\/alternativa.pl\/en\/#website","url":"https:\/\/alternativa.pl\/en\/","name":"Centrum Osteopatii i Rehabilitacji Alternativa","description":"Diagnostyka i leczenie osteopatyczne oraz rehabilitacja neurologiczna i ortopedyczna prowadzona przez wykwalifikowanych terapeut\u00f3w.","potentialAction":[{"@type":"SearchAction","target":{"@type":"EntryPoint","urlTemplate":"https:\/\/alternativa.pl\/en\/?s={search_term_string}"},"query-input":"required name=search_term_string"}],"inLanguage":"en-US"},{"@type":"WebPage","@id":"https:\/\/alternativa.pl\/o-nas\/#webpage","url":"https:\/\/alternativa.pl\/o-nas\/","name":"About us - Centrum Osteopatii i Rehabilitacji Alternativa","isPartOf":{"@id":"https:\/\/alternativa.pl\/en\/#website"},"datePublished":"2020-02-28T18:17:53+00:00","dateModified":"2022-02-05T21:16:33+00:00","description":"Zapewniamy profesjonaln\u0105 pomoc popart\u0105 wieloletni\u0105 praktyk\u0105 w kraju i za granic\u0105. Wykorzystujemy nowoczesne, sprawdzone i naukowo poparte metody terapii.","breadcrumb":{"@id":"https:\/\/alternativa.pl\/o-nas\/#breadcrumb"},"inLanguage":"en-US","potentialAction":[{"@type":"ReadAction","target":["https:\/\/alternativa.pl\/o-nas\/"]}]},{"@type":"BreadcrumbList","@id":"https:\/\/alternativa.pl\/o-nas\/#breadcrumb","itemListElement":[{"@type":"ListItem","position":1,"name":"Home Page","item":"https:\/\/alternativa.pl\/"},{"@type":"ListItem","position":2,"name":"O nas"}]}]}},"_links":{"self":[{"href":"https:\/\/alternativa.pl\/en\/wp-json\/wp\/v2\/pages\/7"}],"collection":[{"href":"https:\/\/alternativa.pl\/en\/wp-json\/wp\/v2\/pages"}],"about":[{"href":"https:\/\/alternativa.pl\/en\/wp-json\/wp\/v2\/types\/page"}],"author":[{"embeddable":true,"href":"https:\/\/alternativa.pl\/en\/wp-json\/wp\/v2\/users\/1"}],"replies":[{"embeddable":true,"href":"https:\/\/alternativa.pl\/en\/wp-json\/wp\/v2\/comments?post=7"}],"version-history":[{"count":50,"href":"https:\/\/alternativa.pl\/en\/wp-json\/wp\/v2\/pages\/7\/revisions"}],"predecessor-version":[{"id":651,"href":"https:\/\/alternativa.pl\/en\/wp-json\/wp\/v2\/pages\/7\/revisions\/651"}],"wp:attachment":[{"href":"https:\/\/alternativa.pl\/en\/wp-json\/wp\/v2\/media?parent=7"}],"curies":[{"name":"wp","href":"https:\/\/api.w.org\/{rel}","templated":true}]}}