{"id":5,"date":"2022-02-03T15:53:47","date_gmt":"2022-02-03T14:53:47","guid":{"rendered":"http:\/\/alternativa.pl\/?page_id=5"},"modified":"2026-02-20T08:35:03","modified_gmt":"2026-02-20T07:35:03","slug":"osteopata-i-rehabilitacja-krakow-rabka-zdroj","status":"publish","type":"page","link":"https:\/\/alternativa.pl\/en\/","title":{"rendered":"Home page"},"content":{"rendered":"","protected":false},"excerpt":{"rendered":"","protected":false},"author":1,"featured_media":0,"parent":0,"menu_order":0,"comment_status":"closed","ping_status":"closed","template":"front-page.php","meta":[],"yoast_head":"<!-- This site is optimized with the Yoast SEO plugin v18.2 - https:\/\/yoast.com\/wordpress\/plugins\/seo\/ -->\n<title>Centrum Osteopatii i Rehabilitacji Alternativa<\/title>\n<meta name=\"description\" content=\"Osteopata i Rehabilitacja Krak\u00f3w Rabka-Zdr\u00f3j. Pomagamy w stanach przewlek\u0142ych i pooperacyjnych. 30 lat do\u015bwiadczenia. Um\u00f3w si\u0119 na wizyt\u0119!\" \/>\n<meta name=\"robots\" content=\"index, follow, max-snippet:-1, max-image-preview:large, max-video-preview:-1\" \/>\n<link rel=\"canonical\" href=\"https:\/\/alternativa.pl\/\" \/>\n<meta property=\"og:locale\" content=\"en_US\" \/>\n<meta property=\"og:type\" content=\"article\" \/>\n<meta property=\"og:title\" content=\"Centrum Osteopatii i Rehabilitacji Alternativa\" \/>\n<meta property=\"og:description\" content=\"Osteopata i Rehabilitacja Krak\u00f3w Rabka-Zdr\u00f3j. Pomagamy w stanach przewlek\u0142ych i pooperacyjnych. 30 lat do\u015bwiadczenia. Um\u00f3w si\u0119 na wizyt\u0119!\" \/>\n<meta property=\"og:url\" content=\"https:\/\/alternativa.pl\/\" \/>\n<meta property=\"og:site_name\" content=\"Centrum Osteopatii i Rehabilitacji Alternativa\" \/>\n<meta property=\"article:publisher\" content=\"https:\/\/www.facebook.com\/people\/Centrum-Osteopatii-i-Rehabilitacji-Alternativa-Krak%c3%b3wRabka-Zdr%c3%b3j\/100078279031696\/\" \/>\n<meta property=\"article:modified_time\" content=\"2026-02-20T07:35:03+00:00\" \/>\n<meta name=\"twitter:card\" content=\"summary_large_image\" \/>\n<script type=\"application\/ld+json\" class=\"yoast-schema-graph\">{\"@context\":\"https:\/\/schema.org\",\"@graph\":[{\"@type\":\"WebSite\",\"@id\":\"https:\/\/alternativa.pl\/en\/#website\",\"url\":\"https:\/\/alternativa.pl\/en\/\",\"name\":\"Centrum Osteopatii i Rehabilitacji Alternativa\",\"description\":\"Diagnostyka i leczenie osteopatyczne oraz rehabilitacja neurologiczna i ortopedyczna prowadzona przez wykwalifikowanych terapeut\u00f3w.\",\"potentialAction\":[{\"@type\":\"SearchAction\",\"target\":{\"@type\":\"EntryPoint\",\"urlTemplate\":\"https:\/\/alternativa.pl\/en\/?s={search_term_string}\"},\"query-input\":\"required name=search_term_string\"}],\"inLanguage\":\"en-US\"},{\"@type\":\"WebPage\",\"@id\":\"https:\/\/alternativa.pl\/#webpage\",\"url\":\"https:\/\/alternativa.pl\/\",\"name\":\"Centrum Osteopatii i Rehabilitacji Alternativa\",\"isPartOf\":{\"@id\":\"https:\/\/alternativa.pl\/en\/#website\"},\"datePublished\":\"2022-02-03T14:53:47+00:00\",\"dateModified\":\"2026-02-20T07:35:03+00:00\",\"description\":\"Osteopata i Rehabilitacja Krak\u00f3w Rabka-Zdr\u00f3j. Pomagamy w stanach przewlek\u0142ych i pooperacyjnych. 30 lat do\u015bwiadczenia. Um\u00f3w si\u0119 na wizyt\u0119!\",\"breadcrumb\":{\"@id\":\"https:\/\/alternativa.pl\/#breadcrumb\"},\"inLanguage\":\"en-US\",\"potentialAction\":[{\"@type\":\"ReadAction\",\"target\":[\"https:\/\/alternativa.pl\/\"]}]},{\"@type\":\"BreadcrumbList\",\"@id\":\"https:\/\/alternativa.pl\/#breadcrumb\",\"itemListElement\":[{\"@type\":\"ListItem\",\"position\":1,\"name\":\"Home Page\",\"item\":\"https:\/\/alternativa.pl\/\"},{\"@type\":\"ListItem\",\"position\":2,\"name\":\"Strona g\u0142\u00f3wna\"}]}]}<\/script>\n<!-- \/ Yoast SEO plugin. -->","yoast_head_json":{"title":"Centrum Osteopatii i Rehabilitacji Alternativa","description":"Osteopata i Rehabilitacja Krak\u00f3w Rabka-Zdr\u00f3j. Pomagamy w stanach przewlek\u0142ych i pooperacyjnych. 30 lat do\u015bwiadczenia. Um\u00f3w si\u0119 na wizyt\u0119!","robots":{"index":"index","follow":"follow","max-snippet":"max-snippet:-1","max-image-preview":"max-image-preview:large","max-video-preview":"max-video-preview:-1"},"canonical":"https:\/\/alternativa.pl\/","og_locale":"en_US","og_type":"article","og_title":"Centrum Osteopatii i Rehabilitacji Alternativa","og_description":"Osteopata i Rehabilitacja Krak\u00f3w Rabka-Zdr\u00f3j. Pomagamy w stanach przewlek\u0142ych i pooperacyjnych. 30 lat do\u015bwiadczenia. Um\u00f3w si\u0119 na wizyt\u0119!","og_url":"https:\/\/alternativa.pl\/","og_site_name":"Centrum Osteopatii i Rehabilitacji Alternativa","article_publisher":"https:\/\/www.facebook.com\/people\/Centrum-Osteopatii-i-Rehabilitacji-Alternativa-Krak%c3%b3wRabka-Zdr%c3%b3j\/100078279031696\/","article_modified_time":"2026-02-20T07:35:03+00:00","twitter_card":"summary_large_image","schema":{"@context":"https:\/\/schema.org","@graph":[{"@type":"WebSite","@id":"https:\/\/alternativa.pl\/en\/#website","url":"https:\/\/alternativa.pl\/en\/","name":"Centrum Osteopatii i Rehabilitacji Alternativa","description":"Diagnostyka i leczenie osteopatyczne oraz rehabilitacja neurologiczna i ortopedyczna prowadzona przez wykwalifikowanych terapeut\u00f3w.","potentialAction":[{"@type":"SearchAction","target":{"@type":"EntryPoint","urlTemplate":"https:\/\/alternativa.pl\/en\/?s={search_term_string}"},"query-input":"required name=search_term_string"}],"inLanguage":"en-US"},{"@type":"WebPage","@id":"https:\/\/alternativa.pl\/#webpage","url":"https:\/\/alternativa.pl\/","name":"Centrum Osteopatii i Rehabilitacji Alternativa","isPartOf":{"@id":"https:\/\/alternativa.pl\/en\/#website"},"datePublished":"2022-02-03T14:53:47+00:00","dateModified":"2026-02-20T07:35:03+00:00","description":"Osteopata i Rehabilitacja Krak\u00f3w Rabka-Zdr\u00f3j. Pomagamy w stanach przewlek\u0142ych i pooperacyjnych. 30 lat do\u015bwiadczenia. Um\u00f3w si\u0119 na wizyt\u0119!","breadcrumb":{"@id":"https:\/\/alternativa.pl\/#breadcrumb"},"inLanguage":"en-US","potentialAction":[{"@type":"ReadAction","target":["https:\/\/alternativa.pl\/"]}]},{"@type":"BreadcrumbList","@id":"https:\/\/alternativa.pl\/#breadcrumb","itemListElement":[{"@type":"ListItem","position":1,"name":"Home Page","item":"https:\/\/alternativa.pl\/"},{"@type":"ListItem","position":2,"name":"Strona g\u0142\u00f3wna"}]}]}},"_links":{"self":[{"href":"https:\/\/alternativa.pl\/en\/wp-json\/wp\/v2\/pages\/5"}],"collection":[{"href":"https:\/\/alternativa.pl\/en\/wp-json\/wp\/v2\/pages"}],"about":[{"href":"https:\/\/alternativa.pl\/en\/wp-json\/wp\/v2\/types\/page"}],"author":[{"embeddable":true,"href":"https:\/\/alternativa.pl\/en\/wp-json\/wp\/v2\/users\/1"}],"replies":[{"embeddable":true,"href":"https:\/\/alternativa.pl\/en\/wp-json\/wp\/v2\/comments?post=5"}],"version-history":[{"count":52,"href":"https:\/\/alternativa.pl\/en\/wp-json\/wp\/v2\/pages\/5\/revisions"}],"predecessor-version":[{"id":760,"href":"https:\/\/alternativa.pl\/en\/wp-json\/wp\/v2\/pages\/5\/revisions\/760"}],"wp:attachment":[{"href":"https:\/\/alternativa.pl\/en\/wp-json\/wp\/v2\/media?parent=5"}],"curies":[{"name":"wp","href":"https:\/\/api.w.org\/{rel}","templated":true}]}}