{"id":359,"date":"2020-05-26T16:25:40","date_gmt":"2020-05-26T14:25:40","guid":{"rendered":"http:\/\/alternativa.pl\/?page_id=359"},"modified":"2020-05-26T17:19:08","modified_gmt":"2020-05-26T15:19:08","slug":"pliki-cookies","status":"publish","type":"page","link":"https:\/\/alternativa.pl\/en\/pliki-cookies\/","title":{"rendered":"Pliki cookies"},"content":{"rendered":"\n<h2> Czym s\u0105 pliki \u201ecookies\u201d? <\/h2>\n\n\n\n<p> Poprzez pliki \u201ecookies\u201d nale\u017cy rozumie\u0107 dane informatyczne, w szczeg\u00f3lno\u015bci pliki tekstowe, przechowywane w urz\u0105dzeniach ko\u0144cowych u\u017cytkownik\u00f3w przeznaczone do korzystania ze stron internetowych. Pliki te pozwalaj\u0105 rozpozna\u0107 urz\u0105dzenie u\u017cytkownika i odpowiednio wy\u015bwietli\u0107 stron\u0119 internetow\u0105 dostosowan\u0105 do jego indywidualnych preferencji. \u201eCookies\u201d zazwyczaj zawieraj\u0105 nazw\u0119 strony internetowej, z kt\u00f3rej pochodz\u0105, czas przechowywania ich na urz\u0105dzeniu ko\u0144cowym oraz unikalny numer. <\/p>\n\n\n\n<h2> Do czego u\u017cywamy plik\u00f3w \u201ecookies\u201d? <\/h2>\n\n\n\n<p> Pliki \u201ecookies\u201d u\u017cywane s\u0105 w celu dostosowania zawarto\u015bci stron internetowych do preferencji u\u017cytkownika oraz optymalizacji korzystania ze stron internetowych. U\u017cywane s\u0105 r\u00f3wnie\u017c w celu tworzenia anonimowych, zagregowanych statystyk, kt\u00f3re pomagaj\u0105 zrozumie\u0107 w jaki spos\u00f3b u\u017cytkownik korzysta ze stron internetowych co umo\u017cliwia ulepszanie ich struktury i zawarto\u015bci, z wy\u0142\u0105czeniem personalnej identyfikacji u\u017cytkownika. <\/p>\n\n\n\n<h2> Jakich plik\u00f3w \u201ecookies\u201d u\u017cywamy? <\/h2>\n\n\n\n<p> Stosowane s\u0105, co do zasady, dwa rodzaje plik\u00f3w \u201ecookies\u201d \u2013 \u201esesyjne\u201d oraz \u201esta\u0142e\u201d. Pierwsze z nich s\u0105 plikami tymczasowymi, kt\u00f3re pozostaj\u0105 na urz\u0105dzeniu u\u017cytkownika, a\u017c do wylogowania ze strony internetowej lub wy\u0142\u0105czenia oprogramowania (przegl\u0105darki internetowej). \u201eSta\u0142e\u201d pliki pozostaj\u0105 na urz\u0105dzeniu u\u017cytkownika przez czas okre\u015blony w parametrach plik\u00f3w \u201ecookies\u201d albo do momentu ich r\u0119cznego usuni\u0119cia przez u\u017cytkownika. <\/p>\n\n\n\n<p> W naszym Serwisie mog\u0105 zosta\u0107 u\u017cyte nast\u0119puj\u0105ce \u201ecookies\u201d: <\/p>\n\n\n\n<p>1 .PHPSESSID &#8211; cookies \u201esesyjne\u201d przechowuj\u0105ce identyfikator sesji. Jest to zmienna systemowa nadawana przez serwer, na kt\u00f3rym dzia\u0142a serwis, niezb\u0119dna np. do przechowania informacji o fakcie bycia zalogowanym w serwisie, sprawdzenia czy odwiedzaj\u0105cy nie jest automatycznym skryptem wype\u0142niaj\u0105cym formularz b\u0105d\u017a przekazywania parametr\u00f3w oprogramowania, z kt\u00f3rego korzysta serwis.<\/p>\n\n\n\n<p> 2. Zmienne u\u017cywane przez Google Analytics (tworzenie statystyk):<br>__utmz &#8211; czas przechowywania: 6 miesi\u0119cy od za\u0142o\u017cenia<br>__utma &#8211; czas przechowywania: 2 lata od za\u0142o\u017cenia<br>__utmb &#8211; czas przechowywania: 30 minut od za\u0142o\u017cenia<br>__utmc &#8211; sesyjne <\/p>\n\n\n\n<p>3 .Cookie_policy \u2013 cookies &#8220;sta\u0142e&#8221; przechowuj\u0105ce informacj\u0119 o tym, \u017ce u\u017cytkownik zapozna\u0142 si\u0119 z komunikatem o u\u017cywaniu przez serwis cookies i zaakceptowa\u0142 warunki korzystania.<\/p>\n\n\n\n<p> Nie u\u017cywamy ciasteczek \u201ebiznesowych\u201d i \u201ereklamowych\u201d s\u0142u\u017c\u0105cych np. do personalizowania reklam zewn\u0119trznych us\u0142ugodawc\u00f3w ani innych ingeruj\u0105cych w prywatno\u015b\u0107 b\u0105d\u017a bezpiecze\u0144stwo u\u017cytkownika Serwisu. <\/p>\n\n\n\n<h2> Ustawienia oraz usuwanie plik\u00f3w \u201ecookies\u201d <\/h2>\n\n\n\n<p> W wielu przypadkach oprogramowanie s\u0142u\u017c\u0105ce do przegl\u0105dania stron internetowych (przegl\u0105darka internetowa) domy\u015blnie dopuszcza przechowywanie plik\u00f3w cookies w urz\u0105dzeniu ko\u0144cowym U\u017cytkownika. U\u017cytkownicy Serwisu mog\u0105 dokona\u0107 w ka\u017cdym czasie zmiany ustawie\u0144 dotycz\u0105cych plik\u00f3w cookies. Ustawienia te mog\u0105 zosta\u0107 zmienione w szczeg\u00f3lno\u015bci w taki spos\u00f3b, aby blokowa\u0107 automatyczn\u0105 obs\u0142ug\u0119 plik\u00f3w cookies w ustawieniach przegl\u0105darki internetowej b\u0105d\u017a informowa\u0107 o ich ka\u017cdorazowym zamieszczeniu w urz\u0105dzeniu U\u017cytkownika Serwisu. Szczeg\u00f3\u0142owe informacje o mo\u017cliwo\u015bci i sposobach obs\u0142ugi plik\u00f3w cookies dost\u0119pne s\u0105 w ustawieniach oprogramowania (przegl\u0105darki internetowej). Ograniczenia w stosowaniu plik\u00f3w cookies mog\u0105 wp\u0142yn\u0105\u0107 na niekt\u00f3re funkcjonalno\u015bci dost\u0119pne na stronach internetowych Serwisu. <\/p>\n","protected":false},"excerpt":{"rendered":"<p>Czym s\u0105 pliki \u201ecookies\u201d? Poprzez pliki \u201ecookies\u201d nale\u017cy rozumie\u0107 dane informatyczne, w szczeg\u00f3lno\u015bci pliki tekstowe, przechowywane w urz\u0105dzeniach ko\u0144cowych u\u017cytkownik\u00f3w przeznaczone do korzystania ze stron internetowych. Pliki te pozwalaj\u0105 rozpozna\u0107 urz\u0105dzenie u\u017cytkownika i odpowiednio wy\u015bwietli\u0107 stron\u0119 internetow\u0105 dostosowan\u0105 do jego indywidualnych preferencji. \u201eCookies\u201d zazwyczaj zawieraj\u0105 nazw\u0119 strony internetowej, z kt\u00f3rej pochodz\u0105, czas przechowywania ich na [&hellip;]<\/p>\n","protected":false},"author":1,"featured_media":0,"parent":0,"menu_order":0,"comment_status":"closed","ping_status":"closed","template":"","meta":[],"yoast_head":"<!-- This site is optimized with the Yoast SEO plugin v18.2 - https:\/\/yoast.com\/wordpress\/plugins\/seo\/ -->\n<title>Pliki cookies - Centrum Osteopatii i Rehabilitacji Alternativa<\/title>\n<meta name=\"robots\" content=\"index, follow, max-snippet:-1, max-image-preview:large, max-video-preview:-1\" \/>\n<link rel=\"canonical\" href=\"https:\/\/alternativa.pl\/en\/pliki-cookies\/\" \/>\n<meta property=\"og:locale\" content=\"en_US\" \/>\n<meta property=\"og:type\" content=\"article\" \/>\n<meta property=\"og:title\" content=\"Pliki cookies - Centrum Osteopatii i Rehabilitacji Alternativa\" \/>\n<meta property=\"og:description\" content=\"Czym s\u0105 pliki \u201ecookies\u201d? Poprzez pliki \u201ecookies\u201d nale\u017cy rozumie\u0107 dane informatyczne, w szczeg\u00f3lno\u015bci pliki tekstowe, przechowywane w urz\u0105dzeniach ko\u0144cowych u\u017cytkownik\u00f3w przeznaczone do korzystania ze stron internetowych. Pliki te pozwalaj\u0105 rozpozna\u0107 urz\u0105dzenie u\u017cytkownika i odpowiednio wy\u015bwietli\u0107 stron\u0119 internetow\u0105 dostosowan\u0105 do jego indywidualnych preferencji. \u201eCookies\u201d zazwyczaj zawieraj\u0105 nazw\u0119 strony internetowej, z kt\u00f3rej pochodz\u0105, czas przechowywania ich na [&hellip;]\" \/>\n<meta property=\"og:url\" content=\"https:\/\/alternativa.pl\/en\/pliki-cookies\/\" \/>\n<meta property=\"og:site_name\" content=\"Centrum Osteopatii i Rehabilitacji Alternativa\" \/>\n<meta property=\"article:publisher\" content=\"https:\/\/www.facebook.com\/people\/Centrum-Osteopatii-i-Rehabilitacji-Alternativa-Krak%c3%b3wRabka-Zdr%c3%b3j\/100078279031696\/\" \/>\n<meta property=\"article:modified_time\" content=\"2020-05-26T15:19:08+00:00\" \/>\n<meta name=\"twitter:card\" content=\"summary_large_image\" \/>\n<meta name=\"twitter:label1\" content=\"Est. reading time\" \/>\n\t<meta name=\"twitter:data1\" content=\"3 minutes\" \/>\n<script type=\"application\/ld+json\" class=\"yoast-schema-graph\">{\"@context\":\"https:\/\/schema.org\",\"@graph\":[{\"@type\":\"WebSite\",\"@id\":\"https:\/\/alternativa.pl\/en\/#website\",\"url\":\"https:\/\/alternativa.pl\/en\/\",\"name\":\"Centrum Osteopatii i Rehabilitacji Alternativa\",\"description\":\"Diagnostyka i leczenie osteopatyczne oraz rehabilitacja neurologiczna i ortopedyczna prowadzona przez wykwalifikowanych terapeut\u00f3w.\",\"potentialAction\":[{\"@type\":\"SearchAction\",\"target\":{\"@type\":\"EntryPoint\",\"urlTemplate\":\"https:\/\/alternativa.pl\/en\/?s={search_term_string}\"},\"query-input\":\"required name=search_term_string\"}],\"inLanguage\":\"en-US\"},{\"@type\":\"WebPage\",\"@id\":\"https:\/\/alternativa.pl\/en\/pliki-cookies\/#webpage\",\"url\":\"https:\/\/alternativa.pl\/en\/pliki-cookies\/\",\"name\":\"Pliki cookies - Centrum Osteopatii i Rehabilitacji Alternativa\",\"isPartOf\":{\"@id\":\"https:\/\/alternativa.pl\/en\/#website\"},\"datePublished\":\"2020-05-26T14:25:40+00:00\",\"dateModified\":\"2020-05-26T15:19:08+00:00\",\"breadcrumb\":{\"@id\":\"https:\/\/alternativa.pl\/en\/pliki-cookies\/#breadcrumb\"},\"inLanguage\":\"en-US\",\"potentialAction\":[{\"@type\":\"ReadAction\",\"target\":[\"https:\/\/alternativa.pl\/en\/pliki-cookies\/\"]}]},{\"@type\":\"BreadcrumbList\",\"@id\":\"https:\/\/alternativa.pl\/en\/pliki-cookies\/#breadcrumb\",\"itemListElement\":[{\"@type\":\"ListItem\",\"position\":1,\"name\":\"Home Page\",\"item\":\"https:\/\/alternativa.pl\/\"},{\"@type\":\"ListItem\",\"position\":2,\"name\":\"Pliki cookies\"}]}]}<\/script>\n<!-- \/ Yoast SEO plugin. -->","yoast_head_json":{"title":"Pliki cookies - Centrum Osteopatii i Rehabilitacji Alternativa","robots":{"index":"index","follow":"follow","max-snippet":"max-snippet:-1","max-image-preview":"max-image-preview:large","max-video-preview":"max-video-preview:-1"},"canonical":"https:\/\/alternativa.pl\/en\/pliki-cookies\/","og_locale":"en_US","og_type":"article","og_title":"Pliki cookies - Centrum Osteopatii i Rehabilitacji Alternativa","og_description":"Czym s\u0105 pliki \u201ecookies\u201d? Poprzez pliki \u201ecookies\u201d nale\u017cy rozumie\u0107 dane informatyczne, w szczeg\u00f3lno\u015bci pliki tekstowe, przechowywane w urz\u0105dzeniach ko\u0144cowych u\u017cytkownik\u00f3w przeznaczone do korzystania ze stron internetowych. Pliki te pozwalaj\u0105 rozpozna\u0107 urz\u0105dzenie u\u017cytkownika i odpowiednio wy\u015bwietli\u0107 stron\u0119 internetow\u0105 dostosowan\u0105 do jego indywidualnych preferencji. \u201eCookies\u201d zazwyczaj zawieraj\u0105 nazw\u0119 strony internetowej, z kt\u00f3rej pochodz\u0105, czas przechowywania ich na [&hellip;]","og_url":"https:\/\/alternativa.pl\/en\/pliki-cookies\/","og_site_name":"Centrum Osteopatii i Rehabilitacji Alternativa","article_publisher":"https:\/\/www.facebook.com\/people\/Centrum-Osteopatii-i-Rehabilitacji-Alternativa-Krak%c3%b3wRabka-Zdr%c3%b3j\/100078279031696\/","article_modified_time":"2020-05-26T15:19:08+00:00","twitter_card":"summary_large_image","twitter_misc":{"Est. reading time":"3 minutes"},"schema":{"@context":"https:\/\/schema.org","@graph":[{"@type":"WebSite","@id":"https:\/\/alternativa.pl\/en\/#website","url":"https:\/\/alternativa.pl\/en\/","name":"Centrum Osteopatii i Rehabilitacji Alternativa","description":"Diagnostyka i leczenie osteopatyczne oraz rehabilitacja neurologiczna i ortopedyczna prowadzona przez wykwalifikowanych terapeut\u00f3w.","potentialAction":[{"@type":"SearchAction","target":{"@type":"EntryPoint","urlTemplate":"https:\/\/alternativa.pl\/en\/?s={search_term_string}"},"query-input":"required name=search_term_string"}],"inLanguage":"en-US"},{"@type":"WebPage","@id":"https:\/\/alternativa.pl\/en\/pliki-cookies\/#webpage","url":"https:\/\/alternativa.pl\/en\/pliki-cookies\/","name":"Pliki cookies - Centrum Osteopatii i Rehabilitacji Alternativa","isPartOf":{"@id":"https:\/\/alternativa.pl\/en\/#website"},"datePublished":"2020-05-26T14:25:40+00:00","dateModified":"2020-05-26T15:19:08+00:00","breadcrumb":{"@id":"https:\/\/alternativa.pl\/en\/pliki-cookies\/#breadcrumb"},"inLanguage":"en-US","potentialAction":[{"@type":"ReadAction","target":["https:\/\/alternativa.pl\/en\/pliki-cookies\/"]}]},{"@type":"BreadcrumbList","@id":"https:\/\/alternativa.pl\/en\/pliki-cookies\/#breadcrumb","itemListElement":[{"@type":"ListItem","position":1,"name":"Home Page","item":"https:\/\/alternativa.pl\/"},{"@type":"ListItem","position":2,"name":"Pliki cookies"}]}]}},"_links":{"self":[{"href":"https:\/\/alternativa.pl\/en\/wp-json\/wp\/v2\/pages\/359"}],"collection":[{"href":"https:\/\/alternativa.pl\/en\/wp-json\/wp\/v2\/pages"}],"about":[{"href":"https:\/\/alternativa.pl\/en\/wp-json\/wp\/v2\/types\/page"}],"author":[{"embeddable":true,"href":"https:\/\/alternativa.pl\/en\/wp-json\/wp\/v2\/users\/1"}],"replies":[{"embeddable":true,"href":"https:\/\/alternativa.pl\/en\/wp-json\/wp\/v2\/comments?post=359"}],"version-history":[{"count":3,"href":"https:\/\/alternativa.pl\/en\/wp-json\/wp\/v2\/pages\/359\/revisions"}],"predecessor-version":[{"id":366,"href":"https:\/\/alternativa.pl\/en\/wp-json\/wp\/v2\/pages\/359\/revisions\/366"}],"wp:attachment":[{"href":"https:\/\/alternativa.pl\/en\/wp-json\/wp\/v2\/media?parent=359"}],"curies":[{"name":"wp","href":"https:\/\/api.w.org\/{rel}","templated":true}]}}