{"id":33,"date":"2020-02-29T16:28:38","date_gmt":"2020-02-29T15:28:38","guid":{"rendered":"http:\/\/alternativa.pl\/?page_id=33"},"modified":"2020-07-25T11:28:41","modified_gmt":"2020-07-25T09:28:41","slug":"naturalne-leczenie-chorob-i-dolegliwosci","status":"publish","type":"page","link":"https:\/\/alternativa.pl\/en\/metody-terapii\/naturalne-leczenie-chorob-i-dolegliwosci\/","title":{"rendered":"Illnesses and complaints"},"content":{"rendered":"\n<ul class=\"listnone circle-right\"><li> choroby serca, <\/li><li> nadci\u015bnienie t\u0119tnicze, <\/li><li> cukrzyca i stany przedcukrzycowe, <\/li><li> refluks i choroby \u017co\u0142\u0105dka, <\/li><li> inne dolegliwo\u015bci uk\u0142adu pokarmowego (wzd\u0119cia, zaparcia, etc), <\/li><li> stwardnienie rozsiane (SM), <\/li><li> b\u00f3le g\u0142owy, <\/li><li> profilaktyka nowotwor\u00f3w oraz \u017cywienie i suplementacja w chorobie nowotworowej, <\/li><li> zaburzenia snu, <\/li><li> b\u00f3l przewlek\u0142y, <\/li><li> niep\u0142odno\u015b\u0107 m\u0119ska i \u017ce\u0144ska (bez przyczyn strukturalnych). <\/li><\/ul>\n","protected":false},"excerpt":{"rendered":"<p>Medycyna naturalna, inaczej medycyna niekonwencjonalna, to naturalne metody leczenia chorego, oparte na naturalnych sk\u0142adnikach. To r\u00f3wnie\u017c metody i praktyki, kt\u00f3re maj\u0105 dzia\u0142anie lecznicze, ale ich dzia\u0142ania nie s\u0105 potwierdzone badaniami naukowymi.<\/p>\n","protected":false},"author":1,"featured_media":69,"parent":11,"menu_order":0,"comment_status":"closed","ping_status":"closed","template":"therapy-methods.php","meta":[],"yoast_head":"<!-- This site is optimized with the Yoast SEO plugin v18.2 - https:\/\/yoast.com\/wordpress\/plugins\/seo\/ -->\n<title>Illnesses and complaints - Centrum Osteopatii i Rehabilitacji Alternativa<\/title>\n<meta name=\"description\" content=\"Profilaktyka nowotwor\u00f3w oraz \u017cywienie i suplementacja w chorobie nowotworowe, nadci\u015bnienie t\u0119tnicze, cukrzyca i stany przedcukrzycowe.\" \/>\n<meta name=\"robots\" content=\"index, follow, max-snippet:-1, max-image-preview:large, max-video-preview:-1\" \/>\n<link rel=\"canonical\" href=\"https:\/\/alternativa.pl\/en\/metody-terapii\/naturalne-leczenie-chorob-i-dolegliwosci\/\" \/>\n<meta property=\"og:locale\" content=\"en_US\" \/>\n<meta property=\"og:type\" content=\"article\" \/>\n<meta property=\"og:title\" content=\"Illnesses and complaints - Centrum Osteopatii i Rehabilitacji Alternativa\" \/>\n<meta property=\"og:description\" content=\"Profilaktyka nowotwor\u00f3w oraz \u017cywienie i suplementacja w chorobie nowotworowe, nadci\u015bnienie t\u0119tnicze, cukrzyca i stany przedcukrzycowe.\" \/>\n<meta property=\"og:url\" content=\"https:\/\/alternativa.pl\/en\/metody-terapii\/naturalne-leczenie-chorob-i-dolegliwosci\/\" \/>\n<meta property=\"og:site_name\" content=\"Centrum Osteopatii i Rehabilitacji Alternativa\" \/>\n<meta property=\"article:publisher\" content=\"https:\/\/www.facebook.com\/people\/Centrum-Osteopatii-i-Rehabilitacji-Alternativa-Krak%c3%b3wRabka-Zdr%c3%b3j\/100078279031696\/\" \/>\n<meta property=\"article:modified_time\" content=\"2020-07-25T09:28:41+00:00\" \/>\n<meta property=\"og:image\" content=\"https:\/\/alternativa.pl\/wp-content\/uploads\/2020\/03\/service-3.jpg\" \/>\n\t<meta property=\"og:image:width\" content=\"960\" \/>\n\t<meta property=\"og:image:height\" content=\"560\" \/>\n\t<meta property=\"og:image:type\" content=\"image\/jpeg\" \/>\n<meta name=\"twitter:card\" content=\"summary_large_image\" \/>\n<script type=\"application\/ld+json\" class=\"yoast-schema-graph\">{\"@context\":\"https:\/\/schema.org\",\"@graph\":[{\"@type\":\"WebSite\",\"@id\":\"https:\/\/alternativa.pl\/en\/#website\",\"url\":\"https:\/\/alternativa.pl\/en\/\",\"name\":\"Centrum Osteopatii i Rehabilitacji Alternativa\",\"description\":\"Diagnostyka i leczenie osteopatyczne oraz rehabilitacja neurologiczna i ortopedyczna prowadzona przez wykwalifikowanych terapeut\u00f3w.\",\"potentialAction\":[{\"@type\":\"SearchAction\",\"target\":{\"@type\":\"EntryPoint\",\"urlTemplate\":\"https:\/\/alternativa.pl\/en\/?s={search_term_string}\"},\"query-input\":\"required name=search_term_string\"}],\"inLanguage\":\"en-US\"},{\"@type\":\"ImageObject\",\"@id\":\"https:\/\/alternativa.pl\/en\/metody-terapii\/naturalne-leczenie-chorob-i-dolegliwosci\/#primaryimage\",\"inLanguage\":\"en-US\",\"url\":\"https:\/\/alternativa.pl\/wp-content\/uploads\/2020\/03\/service-3.jpg\",\"contentUrl\":\"https:\/\/alternativa.pl\/wp-content\/uploads\/2020\/03\/service-3.jpg\",\"width\":960,\"height\":560,\"caption\":\"Naturalne leczenie chor\u00f3b i dolegliwo\u015bci\"},{\"@type\":\"WebPage\",\"@id\":\"https:\/\/alternativa.pl\/en\/metody-terapii\/naturalne-leczenie-chorob-i-dolegliwosci\/#webpage\",\"url\":\"https:\/\/alternativa.pl\/en\/metody-terapii\/naturalne-leczenie-chorob-i-dolegliwosci\/\",\"name\":\"Illnesses and complaints - Centrum Osteopatii i Rehabilitacji Alternativa\",\"isPartOf\":{\"@id\":\"https:\/\/alternativa.pl\/en\/#website\"},\"primaryImageOfPage\":{\"@id\":\"https:\/\/alternativa.pl\/en\/metody-terapii\/naturalne-leczenie-chorob-i-dolegliwosci\/#primaryimage\"},\"datePublished\":\"2020-02-29T15:28:38+00:00\",\"dateModified\":\"2020-07-25T09:28:41+00:00\",\"description\":\"Profilaktyka nowotwor\u00f3w oraz \u017cywienie i suplementacja w chorobie nowotworowe, nadci\u015bnienie t\u0119tnicze, cukrzyca i stany przedcukrzycowe.\",\"breadcrumb\":{\"@id\":\"https:\/\/alternativa.pl\/en\/metody-terapii\/naturalne-leczenie-chorob-i-dolegliwosci\/#breadcrumb\"},\"inLanguage\":\"en-US\",\"potentialAction\":[{\"@type\":\"ReadAction\",\"target\":[\"https:\/\/alternativa.pl\/en\/metody-terapii\/naturalne-leczenie-chorob-i-dolegliwosci\/\"]}]},{\"@type\":\"BreadcrumbList\",\"@id\":\"https:\/\/alternativa.pl\/en\/metody-terapii\/naturalne-leczenie-chorob-i-dolegliwosci\/#breadcrumb\",\"itemListElement\":[{\"@type\":\"ListItem\",\"position\":1,\"name\":\"Home Page\",\"item\":\"https:\/\/alternativa.pl\/\"},{\"@type\":\"ListItem\",\"position\":2,\"name\":\"Therapies\",\"item\":\"https:\/\/alternativa.pl\/en\/metody-terapii\/\"},{\"@type\":\"ListItem\",\"position\":3,\"name\":\"Illnesses and complaints\"}]}]}<\/script>\n<!-- \/ Yoast SEO plugin. -->","yoast_head_json":{"title":"Illnesses and complaints - Centrum Osteopatii i Rehabilitacji Alternativa","description":"Profilaktyka nowotwor\u00f3w oraz \u017cywienie i suplementacja w chorobie nowotworowe, nadci\u015bnienie t\u0119tnicze, cukrzyca i stany przedcukrzycowe.","robots":{"index":"index","follow":"follow","max-snippet":"max-snippet:-1","max-image-preview":"max-image-preview:large","max-video-preview":"max-video-preview:-1"},"canonical":"https:\/\/alternativa.pl\/en\/metody-terapii\/naturalne-leczenie-chorob-i-dolegliwosci\/","og_locale":"en_US","og_type":"article","og_title":"Illnesses and complaints - Centrum Osteopatii i Rehabilitacji Alternativa","og_description":"Profilaktyka nowotwor\u00f3w oraz \u017cywienie i suplementacja w chorobie nowotworowe, nadci\u015bnienie t\u0119tnicze, cukrzyca i stany przedcukrzycowe.","og_url":"https:\/\/alternativa.pl\/en\/metody-terapii\/naturalne-leczenie-chorob-i-dolegliwosci\/","og_site_name":"Centrum Osteopatii i Rehabilitacji Alternativa","article_publisher":"https:\/\/www.facebook.com\/people\/Centrum-Osteopatii-i-Rehabilitacji-Alternativa-Krak%c3%b3wRabka-Zdr%c3%b3j\/100078279031696\/","article_modified_time":"2020-07-25T09:28:41+00:00","og_image":[{"width":960,"height":560,"url":"https:\/\/alternativa.pl\/wp-content\/uploads\/2020\/03\/service-3.jpg","type":"image\/jpeg"}],"twitter_card":"summary_large_image","schema":{"@context":"https:\/\/schema.org","@graph":[{"@type":"WebSite","@id":"https:\/\/alternativa.pl\/en\/#website","url":"https:\/\/alternativa.pl\/en\/","name":"Centrum Osteopatii i Rehabilitacji Alternativa","description":"Diagnostyka i leczenie osteopatyczne oraz rehabilitacja neurologiczna i ortopedyczna prowadzona przez wykwalifikowanych terapeut\u00f3w.","potentialAction":[{"@type":"SearchAction","target":{"@type":"EntryPoint","urlTemplate":"https:\/\/alternativa.pl\/en\/?s={search_term_string}"},"query-input":"required name=search_term_string"}],"inLanguage":"en-US"},{"@type":"ImageObject","@id":"https:\/\/alternativa.pl\/en\/metody-terapii\/naturalne-leczenie-chorob-i-dolegliwosci\/#primaryimage","inLanguage":"en-US","url":"https:\/\/alternativa.pl\/wp-content\/uploads\/2020\/03\/service-3.jpg","contentUrl":"https:\/\/alternativa.pl\/wp-content\/uploads\/2020\/03\/service-3.jpg","width":960,"height":560,"caption":"Naturalne leczenie chor\u00f3b i dolegliwo\u015bci"},{"@type":"WebPage","@id":"https:\/\/alternativa.pl\/en\/metody-terapii\/naturalne-leczenie-chorob-i-dolegliwosci\/#webpage","url":"https:\/\/alternativa.pl\/en\/metody-terapii\/naturalne-leczenie-chorob-i-dolegliwosci\/","name":"Illnesses and complaints - Centrum Osteopatii i Rehabilitacji Alternativa","isPartOf":{"@id":"https:\/\/alternativa.pl\/en\/#website"},"primaryImageOfPage":{"@id":"https:\/\/alternativa.pl\/en\/metody-terapii\/naturalne-leczenie-chorob-i-dolegliwosci\/#primaryimage"},"datePublished":"2020-02-29T15:28:38+00:00","dateModified":"2020-07-25T09:28:41+00:00","description":"Profilaktyka nowotwor\u00f3w oraz \u017cywienie i suplementacja w chorobie nowotworowe, nadci\u015bnienie t\u0119tnicze, cukrzyca i stany przedcukrzycowe.","breadcrumb":{"@id":"https:\/\/alternativa.pl\/en\/metody-terapii\/naturalne-leczenie-chorob-i-dolegliwosci\/#breadcrumb"},"inLanguage":"en-US","potentialAction":[{"@type":"ReadAction","target":["https:\/\/alternativa.pl\/en\/metody-terapii\/naturalne-leczenie-chorob-i-dolegliwosci\/"]}]},{"@type":"BreadcrumbList","@id":"https:\/\/alternativa.pl\/en\/metody-terapii\/naturalne-leczenie-chorob-i-dolegliwosci\/#breadcrumb","itemListElement":[{"@type":"ListItem","position":1,"name":"Home Page","item":"https:\/\/alternativa.pl\/"},{"@type":"ListItem","position":2,"name":"Therapies","item":"https:\/\/alternativa.pl\/en\/metody-terapii\/"},{"@type":"ListItem","position":3,"name":"Illnesses and complaints"}]}]}},"_links":{"self":[{"href":"https:\/\/alternativa.pl\/en\/wp-json\/wp\/v2\/pages\/33"}],"collection":[{"href":"https:\/\/alternativa.pl\/en\/wp-json\/wp\/v2\/pages"}],"about":[{"href":"https:\/\/alternativa.pl\/en\/wp-json\/wp\/v2\/types\/page"}],"author":[{"embeddable":true,"href":"https:\/\/alternativa.pl\/en\/wp-json\/wp\/v2\/users\/1"}],"replies":[{"embeddable":true,"href":"https:\/\/alternativa.pl\/en\/wp-json\/wp\/v2\/comments?post=33"}],"version-history":[{"count":9,"href":"https:\/\/alternativa.pl\/en\/wp-json\/wp\/v2\/pages\/33\/revisions"}],"predecessor-version":[{"id":694,"href":"https:\/\/alternativa.pl\/en\/wp-json\/wp\/v2\/pages\/33\/revisions\/694"}],"up":[{"embeddable":true,"href":"https:\/\/alternativa.pl\/en\/wp-json\/wp\/v2\/pages\/11"}],"wp:featuredmedia":[{"embeddable":true,"href":"https:\/\/alternativa.pl\/en\/wp-json\/wp\/v2\/media\/69"}],"wp:attachment":[{"href":"https:\/\/alternativa.pl\/en\/wp-json\/wp\/v2\/media?parent=33"}],"curies":[{"name":"wp","href":"https:\/\/api.w.org\/{rel}","templated":true}]}}