{"id":31,"date":"2020-02-29T16:28:01","date_gmt":"2020-02-29T15:28:01","guid":{"rendered":"http:\/\/alternativa.pl\/?page_id=31"},"modified":"2022-02-05T22:20:58","modified_gmt":"2022-02-05T21:20:58","slug":"rehabilitacja-i-fizykoterapia","status":"publish","type":"page","link":"https:\/\/alternativa.pl\/en\/metody-terapii\/rehabilitacja-i-fizykoterapia\/","title":{"rendered":"Rehabilitation and physical modalities"},"content":{"rendered":"\n<p> Dajemy Pa\u0144stwu mo\u017cliwo\u015b\u0107 korzystania z szerokiej gamy zabieg\u00f3w fizykoterapeutycznych, kt\u00f3re indywidualnie dobieramy do innych metod terapeutycznych stosowanych w naszym gabinecie: &nbsp; <\/p>\n\n\n\n<ul class=\"listnone circle-right\"><li> Elektroterapi\u0119 \u2013 wszystkie rodzaje pr\u0105d\u00f3w od mikrostymulacji przez TENS do stymulacji mi\u0119\u015bni <\/li><li> Ultrad\u017awi\u0119ki o cz\u0119stotliwo\u015bci 1 i 3 MHz <\/li><li> Laser \u2013 sonda prysznicowa (czerwone i podczerwone \u015bwiat\u0142o) <\/li><li> Lokalne ch\u0142odzenie\/krioterapia <\/li><\/ul>\n","protected":false},"excerpt":{"rendered":"<p>Rehabilitacja to inaczej dzia\u0142anie, kt\u00f3re ma na celu przywr\u00f3cenie sprawnego funkcjonowania fizycznego, psychicznego i spo\u0142ecznego pacjentowi. Natomiast fizjoterapia dostarcza naszemu cia\u0142u odpowiednich bod\u017ac\u00f3w i dzia\u0142a\u0144.<\/p>\n","protected":false},"author":1,"featured_media":72,"parent":11,"menu_order":0,"comment_status":"closed","ping_status":"closed","template":"therapy-methods.php","meta":[],"yoast_head":"<!-- This site is optimized with the Yoast SEO plugin v18.2 - https:\/\/yoast.com\/wordpress\/plugins\/seo\/ -->\n<title>Rehabilitation and physical modalities - Centrum Osteopatii i Rehabilitacji Alternativa<\/title>\n<meta name=\"description\" content=\"Fizykoterapia oraz rehabilitacja po zabiegach chirurgicznych, w stanach pourazowych, w przebiegu dolegliwo\u015bci neurologicznych, po zabiegach neurochirurgicznych\" \/>\n<meta name=\"robots\" content=\"index, follow, max-snippet:-1, max-image-preview:large, max-video-preview:-1\" \/>\n<link rel=\"canonical\" href=\"https:\/\/alternativa.pl\/metody-terapii\/rehabilitacja-i-fizykoterapia\/\" \/>\n<meta property=\"og:locale\" content=\"en_US\" \/>\n<meta property=\"og:type\" content=\"article\" \/>\n<meta property=\"og:title\" content=\"Rehabilitation and physical modalities - Centrum Osteopatii i Rehabilitacji Alternativa\" \/>\n<meta property=\"og:description\" content=\"Fizykoterapia oraz rehabilitacja po zabiegach chirurgicznych, w stanach pourazowych, w przebiegu dolegliwo\u015bci neurologicznych, po zabiegach neurochirurgicznych\" \/>\n<meta property=\"og:url\" content=\"https:\/\/alternativa.pl\/metody-terapii\/rehabilitacja-i-fizykoterapia\/\" \/>\n<meta property=\"og:site_name\" content=\"Centrum Osteopatii i Rehabilitacji Alternativa\" \/>\n<meta property=\"article:publisher\" content=\"https:\/\/www.facebook.com\/people\/Centrum-Osteopatii-i-Rehabilitacji-Alternativa-Krak%c3%b3wRabka-Zdr%c3%b3j\/100078279031696\/\" \/>\n<meta property=\"article:modified_time\" content=\"2022-02-05T21:20:58+00:00\" \/>\n<meta property=\"og:image\" content=\"https:\/\/alternativa.pl\/wp-content\/uploads\/2020\/03\/service-4.jpg\" \/>\n\t<meta property=\"og:image:width\" content=\"960\" \/>\n\t<meta property=\"og:image:height\" content=\"560\" \/>\n\t<meta property=\"og:image:type\" content=\"image\/jpeg\" \/>\n<meta name=\"twitter:card\" content=\"summary_large_image\" \/>\n<meta name=\"twitter:label1\" content=\"Est. reading time\" \/>\n\t<meta name=\"twitter:data1\" content=\"1 minute\" \/>\n<script type=\"application\/ld+json\" class=\"yoast-schema-graph\">{\"@context\":\"https:\/\/schema.org\",\"@graph\":[{\"@type\":\"WebSite\",\"@id\":\"https:\/\/alternativa.pl\/en\/#website\",\"url\":\"https:\/\/alternativa.pl\/en\/\",\"name\":\"Centrum Osteopatii i Rehabilitacji Alternativa\",\"description\":\"Diagnostyka i leczenie osteopatyczne oraz rehabilitacja neurologiczna i ortopedyczna prowadzona przez wykwalifikowanych terapeut\u00f3w.\",\"potentialAction\":[{\"@type\":\"SearchAction\",\"target\":{\"@type\":\"EntryPoint\",\"urlTemplate\":\"https:\/\/alternativa.pl\/en\/?s={search_term_string}\"},\"query-input\":\"required name=search_term_string\"}],\"inLanguage\":\"en-US\"},{\"@type\":\"ImageObject\",\"@id\":\"https:\/\/alternativa.pl\/metody-terapii\/rehabilitacja-i-fizykoterapia\/#primaryimage\",\"inLanguage\":\"en-US\",\"url\":\"https:\/\/alternativa.pl\/wp-content\/uploads\/2020\/03\/service-4.jpg\",\"contentUrl\":\"https:\/\/alternativa.pl\/wp-content\/uploads\/2020\/03\/service-4.jpg\",\"width\":960,\"height\":560},{\"@type\":\"WebPage\",\"@id\":\"https:\/\/alternativa.pl\/metody-terapii\/rehabilitacja-i-fizykoterapia\/#webpage\",\"url\":\"https:\/\/alternativa.pl\/metody-terapii\/rehabilitacja-i-fizykoterapia\/\",\"name\":\"Rehabilitation and physical modalities - Centrum Osteopatii i Rehabilitacji Alternativa\",\"isPartOf\":{\"@id\":\"https:\/\/alternativa.pl\/en\/#website\"},\"primaryImageOfPage\":{\"@id\":\"https:\/\/alternativa.pl\/metody-terapii\/rehabilitacja-i-fizykoterapia\/#primaryimage\"},\"datePublished\":\"2020-02-29T15:28:01+00:00\",\"dateModified\":\"2022-02-05T21:20:58+00:00\",\"description\":\"Fizykoterapia oraz rehabilitacja po zabiegach chirurgicznych, w stanach pourazowych, w przebiegu dolegliwo\u015bci neurologicznych, po zabiegach neurochirurgicznych\",\"breadcrumb\":{\"@id\":\"https:\/\/alternativa.pl\/metody-terapii\/rehabilitacja-i-fizykoterapia\/#breadcrumb\"},\"inLanguage\":\"en-US\",\"potentialAction\":[{\"@type\":\"ReadAction\",\"target\":[\"https:\/\/alternativa.pl\/metody-terapii\/rehabilitacja-i-fizykoterapia\/\"]}]},{\"@type\":\"BreadcrumbList\",\"@id\":\"https:\/\/alternativa.pl\/metody-terapii\/rehabilitacja-i-fizykoterapia\/#breadcrumb\",\"itemListElement\":[{\"@type\":\"ListItem\",\"position\":1,\"name\":\"Home Page\",\"item\":\"https:\/\/alternativa.pl\/\"},{\"@type\":\"ListItem\",\"position\":2,\"name\":\"Therapies\",\"item\":\"https:\/\/alternativa.pl\/en\/metody-terapii\/\"},{\"@type\":\"ListItem\",\"position\":3,\"name\":\"Rehabilitacja i fizykoterapia\"}]}]}<\/script>\n<!-- \/ Yoast SEO plugin. -->","yoast_head_json":{"title":"Rehabilitation and physical modalities - Centrum Osteopatii i Rehabilitacji Alternativa","description":"Fizykoterapia oraz rehabilitacja po zabiegach chirurgicznych, w stanach pourazowych, w przebiegu dolegliwo\u015bci neurologicznych, po zabiegach neurochirurgicznych","robots":{"index":"index","follow":"follow","max-snippet":"max-snippet:-1","max-image-preview":"max-image-preview:large","max-video-preview":"max-video-preview:-1"},"canonical":"https:\/\/alternativa.pl\/metody-terapii\/rehabilitacja-i-fizykoterapia\/","og_locale":"en_US","og_type":"article","og_title":"Rehabilitation and physical modalities - Centrum Osteopatii i Rehabilitacji Alternativa","og_description":"Fizykoterapia oraz rehabilitacja po zabiegach chirurgicznych, w stanach pourazowych, w przebiegu dolegliwo\u015bci neurologicznych, po zabiegach neurochirurgicznych","og_url":"https:\/\/alternativa.pl\/metody-terapii\/rehabilitacja-i-fizykoterapia\/","og_site_name":"Centrum Osteopatii i Rehabilitacji Alternativa","article_publisher":"https:\/\/www.facebook.com\/people\/Centrum-Osteopatii-i-Rehabilitacji-Alternativa-Krak%c3%b3wRabka-Zdr%c3%b3j\/100078279031696\/","article_modified_time":"2022-02-05T21:20:58+00:00","og_image":[{"width":960,"height":560,"url":"https:\/\/alternativa.pl\/wp-content\/uploads\/2020\/03\/service-4.jpg","type":"image\/jpeg"}],"twitter_card":"summary_large_image","twitter_misc":{"Est. reading time":"1 minute"},"schema":{"@context":"https:\/\/schema.org","@graph":[{"@type":"WebSite","@id":"https:\/\/alternativa.pl\/en\/#website","url":"https:\/\/alternativa.pl\/en\/","name":"Centrum Osteopatii i Rehabilitacji Alternativa","description":"Diagnostyka i leczenie osteopatyczne oraz rehabilitacja neurologiczna i ortopedyczna prowadzona przez wykwalifikowanych terapeut\u00f3w.","potentialAction":[{"@type":"SearchAction","target":{"@type":"EntryPoint","urlTemplate":"https:\/\/alternativa.pl\/en\/?s={search_term_string}"},"query-input":"required name=search_term_string"}],"inLanguage":"en-US"},{"@type":"ImageObject","@id":"https:\/\/alternativa.pl\/metody-terapii\/rehabilitacja-i-fizykoterapia\/#primaryimage","inLanguage":"en-US","url":"https:\/\/alternativa.pl\/wp-content\/uploads\/2020\/03\/service-4.jpg","contentUrl":"https:\/\/alternativa.pl\/wp-content\/uploads\/2020\/03\/service-4.jpg","width":960,"height":560},{"@type":"WebPage","@id":"https:\/\/alternativa.pl\/metody-terapii\/rehabilitacja-i-fizykoterapia\/#webpage","url":"https:\/\/alternativa.pl\/metody-terapii\/rehabilitacja-i-fizykoterapia\/","name":"Rehabilitation and physical modalities - Centrum Osteopatii i Rehabilitacji Alternativa","isPartOf":{"@id":"https:\/\/alternativa.pl\/en\/#website"},"primaryImageOfPage":{"@id":"https:\/\/alternativa.pl\/metody-terapii\/rehabilitacja-i-fizykoterapia\/#primaryimage"},"datePublished":"2020-02-29T15:28:01+00:00","dateModified":"2022-02-05T21:20:58+00:00","description":"Fizykoterapia oraz rehabilitacja po zabiegach chirurgicznych, w stanach pourazowych, w przebiegu dolegliwo\u015bci neurologicznych, po zabiegach neurochirurgicznych","breadcrumb":{"@id":"https:\/\/alternativa.pl\/metody-terapii\/rehabilitacja-i-fizykoterapia\/#breadcrumb"},"inLanguage":"en-US","potentialAction":[{"@type":"ReadAction","target":["https:\/\/alternativa.pl\/metody-terapii\/rehabilitacja-i-fizykoterapia\/"]}]},{"@type":"BreadcrumbList","@id":"https:\/\/alternativa.pl\/metody-terapii\/rehabilitacja-i-fizykoterapia\/#breadcrumb","itemListElement":[{"@type":"ListItem","position":1,"name":"Home Page","item":"https:\/\/alternativa.pl\/"},{"@type":"ListItem","position":2,"name":"Therapies","item":"https:\/\/alternativa.pl\/en\/metody-terapii\/"},{"@type":"ListItem","position":3,"name":"Rehabilitacja i fizykoterapia"}]}]}},"_links":{"self":[{"href":"https:\/\/alternativa.pl\/en\/wp-json\/wp\/v2\/pages\/31"}],"collection":[{"href":"https:\/\/alternativa.pl\/en\/wp-json\/wp\/v2\/pages"}],"about":[{"href":"https:\/\/alternativa.pl\/en\/wp-json\/wp\/v2\/types\/page"}],"author":[{"embeddable":true,"href":"https:\/\/alternativa.pl\/en\/wp-json\/wp\/v2\/users\/1"}],"replies":[{"embeddable":true,"href":"https:\/\/alternativa.pl\/en\/wp-json\/wp\/v2\/comments?post=31"}],"version-history":[{"count":16,"href":"https:\/\/alternativa.pl\/en\/wp-json\/wp\/v2\/pages\/31\/revisions"}],"predecessor-version":[{"id":693,"href":"https:\/\/alternativa.pl\/en\/wp-json\/wp\/v2\/pages\/31\/revisions\/693"}],"up":[{"embeddable":true,"href":"https:\/\/alternativa.pl\/en\/wp-json\/wp\/v2\/pages\/11"}],"wp:featuredmedia":[{"embeddable":true,"href":"https:\/\/alternativa.pl\/en\/wp-json\/wp\/v2\/media\/72"}],"wp:attachment":[{"href":"https:\/\/alternativa.pl\/en\/wp-json\/wp\/v2\/media?parent=31"}],"curies":[{"name":"wp","href":"https:\/\/api.w.org\/{rel}","templated":true}]}}