{"id":27,"date":"2020-02-29T16:27:00","date_gmt":"2020-02-29T15:27:00","guid":{"rendered":"http:\/\/alternativa.pl\/?page_id=27"},"modified":"2022-02-21T15:37:01","modified_gmt":"2022-02-21T14:37:01","slug":"terapia-manualna","status":"publish","type":"page","link":"https:\/\/alternativa.pl\/en\/metody-terapii\/terapia-manualna\/","title":{"rendered":"Manual therapy"},"content":{"rendered":"\n<p> Medycyna manualna i terapia manualna s\u0105 niezmiernie szerokie i zr\u00f3\u017cnicowane. Na \u015bwiecie istnieje mn\u00f3stwo szk\u00f3\u0142 i organizacji promuj\u0105cych swoje metody poprzez dzia\u0142alno\u015b\u0107 dydaktyczn\u0105 w postaci prowadzonych r\u00f3wnie\u017c w naszym kraju kurs\u00f3w podyplomowych. W Polsce pod parasolem terapii manualnej mog\u0105 znale\u017a\u0107 si\u0119 tak r\u00f3\u017cne formy terapeutyczne jak: mobilizacje i manipulacja staw\u00f3w i tkanek mi\u0119kkich, przez rozci\u0105ganie, terapi\u0119 punkt\u00f3w spustowych, r\u00f3\u017cne formy masa\u017cu (sportowy, terapeutyczny, g\u0142\u0119boki, limfatyczny) do terapii czaszkowo-krzy\u017cowej. W kontekst medycyny manualnej wpisuj\u0105 si\u0119 r\u00f3wnie\u017c chiropraktyka i osteopatia ale s\u0105 to niezale\u017cne dziedziny medyczne posiadaj\u0105ce swoje w\u0142asne podej\u015bcie diagnostyczne i terapeutyczne i w przeciwie\u0144stwie do terapii manualnej nie s\u0105 praktykowane przez fizjoterapeut\u00f3w je\u015bli nie uko\u0144czyli oni odpowiednich szk\u00f3\u0142 i uczelni chiropraktycznych lub osteopatycznych. <\/p>\n\n\n\n<p> W klasycznej formie terapia manualna skupia\u0142a si\u0119 na uruchamianiu staw\u00f3w o zmniejszonym zakresie ruchu i ograniczeniu tzw. gry stawowej u\u017cywaj\u0105c do tego technik mobilizacyjnych i manipulacyjnych. W bie\u017c\u0105cym czasie rehabilitanci, fizjoterapeuci i masa\u017cy\u015bci przeszkoleni w terapii manualnej nie ograniczaj\u0105 si\u0119 zazwyczaj do mobilizacji i manipulacji staw\u00f3w w swojej pracy ale wzbogacaj\u0105 je w r\u00f3\u017cne formy masa\u017cu, rozci\u0105gania, terapii punkt\u00f3w spustowych, poizometrycznej relaksacji mi\u0119\u015bni oraz szerokiej gamy \u0107wicze\u0144 terapeutycznych. <\/p>\n\n\n\n<p> <strong>Mobilizacja<\/strong>&nbsp;jest zabiegiem wykonywanym na tkankach w celu poprawy ich ruchomo\u015bci ale impuls, kt\u00f3ry wprowadza terapeuta pozostaje pod fizjologiczn\u0105 kontrol\u0105 pacjenta.&nbsp;<strong>Manipulacja<\/strong>&nbsp;jest zabiegiem d\u0105\u017c\u0105cym do poprawy ruchomo\u015bci tkankowej, kt\u00f3ra zazwyczaj poprzez swoj\u0105 pr\u0119dko\u015b\u0107, nie pozostaje pod \u015bwiadom\u0105 kontrol\u0105 pacjenta. Obecnie najcz\u0119\u015bciej stosowan\u0105 form\u0105 manipulacji stawowej jest manipulacja wysokiej pr\u0119dko\u015bci ma\u0142ej amplitudy czyli tzw. \u201enastawianie\u201d. <\/p>\n\n\n\n<p> W obydwu przypadkach terapeuta powinien monitorowa\u0107 odpowied\u017a tkankow\u0105 podczas wykonywania techniki. Poniewa\u017c mobilizacja jest technik\u0105 wolniejsz\u0105 i o r\u00f3\u017cnej amplitudzie, terapeuta mo\u017ce prowadzi\u0107 monitoring odpowiedzi tkankowej podczas ca\u0142ego okresu wykonywania techniki. W przypadku manipulacji, kt\u00f3ra zazwyczaj jest ruchem wysokiej pr\u0119dko\u015bci i ma\u0142ej amplitudy, monitoruje si\u0119 zazwyczaj barier\u0119 tkankow\u0105 tylko przed wykonaniem pchni\u0119cia manipulacyjnego. Manipulacje wymagaj\u0105 wi\u0119kszej precyzji wykonania gdy\u017c s\u0105 bardziej inwazyjne i mog\u0105 mie\u0107 powa\u017cniejsze skutki uboczne w przypadku nieprawid\u0142owego ich przeprowadzenia. Ani mobilizacja ani manipulacja nie powinny by\u0107 bolesne. <\/p>\n\n\n\n<p> Spo\u015br\u00f3d znanych indywidualno\u015bci, kt\u00f3re przyczyni\u0142y si\u0119 do rozwoju manualnych technik diagnostycznych i terapeutycznych w &nbsp;medycynie i rehabilitacji nale\u017cy wymieni\u0107 m.in.:&nbsp;<strong>Jamesa&nbsp;Cyriaxa, Karela Lewita, Vladimira Jand\u0119, Robina&nbsp;Mckenzie, G.D&nbsp;Maitlanda, Briana Mulligana, Freediego&nbsp;Kaltenborna, Ole&nbsp;Grimsby, Olafa&nbsp;Evjentha.<\/strong> <\/p>\n","protected":false},"excerpt":{"rendered":"<p>Medycyna manualna i terapia manualna s\u0105 niezmiernie szerokie i zr\u00f3\u017cnicowane. Na \u015bwiecie istnieje mn\u00f3stwo szk\u00f3\u0142 i organizacji promuj\u0105cych swoje metody poprzez dzia\u0142alno\u015b\u0107 dydaktyczn\u0105 w postaci prowadzonych r\u00f3wnie\u017c w naszym kraju kurs\u00f3w podyplomowych.<\/p>\n","protected":false},"author":1,"featured_media":67,"parent":11,"menu_order":0,"comment_status":"closed","ping_status":"closed","template":"therapy-methods.php","meta":[],"yoast_head":"<!-- This site is optimized with the Yoast SEO plugin v18.2 - https:\/\/yoast.com\/wordpress\/plugins\/seo\/ -->\n<title>Manual therapy - Centrum Osteopatii i Rehabilitacji Alternativa<\/title>\n<meta name=\"description\" content=\"Mobilizacja jest zabiegiem wykonywanym na tkankach w celu poprawy ich ruchomo\u015bci ale impuls, kt\u00f3ry wprowadza terapeuta pozostaje pod fizjologiczn\u0105 kontrol\u0105 pacjenta.\" \/>\n<meta name=\"robots\" content=\"index, follow, max-snippet:-1, max-image-preview:large, max-video-preview:-1\" \/>\n<link rel=\"canonical\" href=\"https:\/\/alternativa.pl\/metody-terapii\/terapia-manualna\/\" \/>\n<meta property=\"og:locale\" content=\"en_US\" \/>\n<meta property=\"og:type\" content=\"article\" \/>\n<meta property=\"og:title\" content=\"Manual therapy - Centrum Osteopatii i Rehabilitacji Alternativa\" \/>\n<meta property=\"og:description\" content=\"Mobilizacja jest zabiegiem wykonywanym na tkankach w celu poprawy ich ruchomo\u015bci ale impuls, kt\u00f3ry wprowadza terapeuta pozostaje pod fizjologiczn\u0105 kontrol\u0105 pacjenta.\" \/>\n<meta property=\"og:url\" content=\"https:\/\/alternativa.pl\/metody-terapii\/terapia-manualna\/\" \/>\n<meta property=\"og:site_name\" content=\"Centrum Osteopatii i Rehabilitacji Alternativa\" \/>\n<meta property=\"article:publisher\" content=\"https:\/\/www.facebook.com\/people\/Centrum-Osteopatii-i-Rehabilitacji-Alternativa-Krak%c3%b3wRabka-Zdr%c3%b3j\/100078279031696\/\" \/>\n<meta property=\"article:modified_time\" content=\"2022-02-21T14:37:01+00:00\" \/>\n<meta property=\"og:image\" content=\"https:\/\/alternativa.pl\/wp-content\/uploads\/2020\/03\/service-2.jpg\" \/>\n\t<meta property=\"og:image:width\" content=\"960\" \/>\n\t<meta property=\"og:image:height\" content=\"560\" \/>\n\t<meta property=\"og:image:type\" content=\"image\/jpeg\" \/>\n<meta name=\"twitter:card\" content=\"summary_large_image\" \/>\n<meta name=\"twitter:label1\" content=\"Est. reading time\" \/>\n\t<meta name=\"twitter:data1\" content=\"3 minutes\" \/>\n<script type=\"application\/ld+json\" class=\"yoast-schema-graph\">{\"@context\":\"https:\/\/schema.org\",\"@graph\":[{\"@type\":\"WebSite\",\"@id\":\"https:\/\/alternativa.pl\/en\/#website\",\"url\":\"https:\/\/alternativa.pl\/en\/\",\"name\":\"Centrum Osteopatii i Rehabilitacji Alternativa\",\"description\":\"Diagnostyka i leczenie osteopatyczne oraz rehabilitacja neurologiczna i ortopedyczna prowadzona przez wykwalifikowanych terapeut\u00f3w.\",\"potentialAction\":[{\"@type\":\"SearchAction\",\"target\":{\"@type\":\"EntryPoint\",\"urlTemplate\":\"https:\/\/alternativa.pl\/en\/?s={search_term_string}\"},\"query-input\":\"required name=search_term_string\"}],\"inLanguage\":\"en-US\"},{\"@type\":\"ImageObject\",\"@id\":\"https:\/\/alternativa.pl\/metody-terapii\/terapia-manualna\/#primaryimage\",\"inLanguage\":\"en-US\",\"url\":\"https:\/\/alternativa.pl\/wp-content\/uploads\/2020\/03\/service-2.jpg\",\"contentUrl\":\"https:\/\/alternativa.pl\/wp-content\/uploads\/2020\/03\/service-2.jpg\",\"width\":960,\"height\":560,\"caption\":\"Terapia manualna\"},{\"@type\":\"WebPage\",\"@id\":\"https:\/\/alternativa.pl\/metody-terapii\/terapia-manualna\/#webpage\",\"url\":\"https:\/\/alternativa.pl\/metody-terapii\/terapia-manualna\/\",\"name\":\"Manual therapy - Centrum Osteopatii i Rehabilitacji Alternativa\",\"isPartOf\":{\"@id\":\"https:\/\/alternativa.pl\/en\/#website\"},\"primaryImageOfPage\":{\"@id\":\"https:\/\/alternativa.pl\/metody-terapii\/terapia-manualna\/#primaryimage\"},\"datePublished\":\"2020-02-29T15:27:00+00:00\",\"dateModified\":\"2022-02-21T14:37:01+00:00\",\"description\":\"Mobilizacja jest zabiegiem wykonywanym na tkankach w celu poprawy ich ruchomo\u015bci ale impuls, kt\u00f3ry wprowadza terapeuta pozostaje pod fizjologiczn\u0105 kontrol\u0105 pacjenta.\",\"breadcrumb\":{\"@id\":\"https:\/\/alternativa.pl\/metody-terapii\/terapia-manualna\/#breadcrumb\"},\"inLanguage\":\"en-US\",\"potentialAction\":[{\"@type\":\"ReadAction\",\"target\":[\"https:\/\/alternativa.pl\/metody-terapii\/terapia-manualna\/\"]}]},{\"@type\":\"BreadcrumbList\",\"@id\":\"https:\/\/alternativa.pl\/metody-terapii\/terapia-manualna\/#breadcrumb\",\"itemListElement\":[{\"@type\":\"ListItem\",\"position\":1,\"name\":\"Home Page\",\"item\":\"https:\/\/alternativa.pl\/\"},{\"@type\":\"ListItem\",\"position\":2,\"name\":\"Therapies\",\"item\":\"https:\/\/alternativa.pl\/en\/metody-terapii\/\"},{\"@type\":\"ListItem\",\"position\":3,\"name\":\"Terapia manualna\"}]}]}<\/script>\n<!-- \/ Yoast SEO plugin. -->","yoast_head_json":{"title":"Manual therapy - Centrum Osteopatii i Rehabilitacji Alternativa","description":"Mobilizacja jest zabiegiem wykonywanym na tkankach w celu poprawy ich ruchomo\u015bci ale impuls, kt\u00f3ry wprowadza terapeuta pozostaje pod fizjologiczn\u0105 kontrol\u0105 pacjenta.","robots":{"index":"index","follow":"follow","max-snippet":"max-snippet:-1","max-image-preview":"max-image-preview:large","max-video-preview":"max-video-preview:-1"},"canonical":"https:\/\/alternativa.pl\/metody-terapii\/terapia-manualna\/","og_locale":"en_US","og_type":"article","og_title":"Manual therapy - Centrum Osteopatii i Rehabilitacji Alternativa","og_description":"Mobilizacja jest zabiegiem wykonywanym na tkankach w celu poprawy ich ruchomo\u015bci ale impuls, kt\u00f3ry wprowadza terapeuta pozostaje pod fizjologiczn\u0105 kontrol\u0105 pacjenta.","og_url":"https:\/\/alternativa.pl\/metody-terapii\/terapia-manualna\/","og_site_name":"Centrum Osteopatii i Rehabilitacji Alternativa","article_publisher":"https:\/\/www.facebook.com\/people\/Centrum-Osteopatii-i-Rehabilitacji-Alternativa-Krak%c3%b3wRabka-Zdr%c3%b3j\/100078279031696\/","article_modified_time":"2022-02-21T14:37:01+00:00","og_image":[{"width":960,"height":560,"url":"https:\/\/alternativa.pl\/wp-content\/uploads\/2020\/03\/service-2.jpg","type":"image\/jpeg"}],"twitter_card":"summary_large_image","twitter_misc":{"Est. reading time":"3 minutes"},"schema":{"@context":"https:\/\/schema.org","@graph":[{"@type":"WebSite","@id":"https:\/\/alternativa.pl\/en\/#website","url":"https:\/\/alternativa.pl\/en\/","name":"Centrum Osteopatii i Rehabilitacji Alternativa","description":"Diagnostyka i leczenie osteopatyczne oraz rehabilitacja neurologiczna i ortopedyczna prowadzona przez wykwalifikowanych terapeut\u00f3w.","potentialAction":[{"@type":"SearchAction","target":{"@type":"EntryPoint","urlTemplate":"https:\/\/alternativa.pl\/en\/?s={search_term_string}"},"query-input":"required name=search_term_string"}],"inLanguage":"en-US"},{"@type":"ImageObject","@id":"https:\/\/alternativa.pl\/metody-terapii\/terapia-manualna\/#primaryimage","inLanguage":"en-US","url":"https:\/\/alternativa.pl\/wp-content\/uploads\/2020\/03\/service-2.jpg","contentUrl":"https:\/\/alternativa.pl\/wp-content\/uploads\/2020\/03\/service-2.jpg","width":960,"height":560,"caption":"Terapia manualna"},{"@type":"WebPage","@id":"https:\/\/alternativa.pl\/metody-terapii\/terapia-manualna\/#webpage","url":"https:\/\/alternativa.pl\/metody-terapii\/terapia-manualna\/","name":"Manual therapy - Centrum Osteopatii i Rehabilitacji Alternativa","isPartOf":{"@id":"https:\/\/alternativa.pl\/en\/#website"},"primaryImageOfPage":{"@id":"https:\/\/alternativa.pl\/metody-terapii\/terapia-manualna\/#primaryimage"},"datePublished":"2020-02-29T15:27:00+00:00","dateModified":"2022-02-21T14:37:01+00:00","description":"Mobilizacja jest zabiegiem wykonywanym na tkankach w celu poprawy ich ruchomo\u015bci ale impuls, kt\u00f3ry wprowadza terapeuta pozostaje pod fizjologiczn\u0105 kontrol\u0105 pacjenta.","breadcrumb":{"@id":"https:\/\/alternativa.pl\/metody-terapii\/terapia-manualna\/#breadcrumb"},"inLanguage":"en-US","potentialAction":[{"@type":"ReadAction","target":["https:\/\/alternativa.pl\/metody-terapii\/terapia-manualna\/"]}]},{"@type":"BreadcrumbList","@id":"https:\/\/alternativa.pl\/metody-terapii\/terapia-manualna\/#breadcrumb","itemListElement":[{"@type":"ListItem","position":1,"name":"Home Page","item":"https:\/\/alternativa.pl\/"},{"@type":"ListItem","position":2,"name":"Therapies","item":"https:\/\/alternativa.pl\/en\/metody-terapii\/"},{"@type":"ListItem","position":3,"name":"Terapia manualna"}]}]}},"_links":{"self":[{"href":"https:\/\/alternativa.pl\/en\/wp-json\/wp\/v2\/pages\/27"}],"collection":[{"href":"https:\/\/alternativa.pl\/en\/wp-json\/wp\/v2\/pages"}],"about":[{"href":"https:\/\/alternativa.pl\/en\/wp-json\/wp\/v2\/types\/page"}],"author":[{"embeddable":true,"href":"https:\/\/alternativa.pl\/en\/wp-json\/wp\/v2\/users\/1"}],"replies":[{"embeddable":true,"href":"https:\/\/alternativa.pl\/en\/wp-json\/wp\/v2\/comments?post=27"}],"version-history":[{"count":11,"href":"https:\/\/alternativa.pl\/en\/wp-json\/wp\/v2\/pages\/27\/revisions"}],"predecessor-version":[{"id":572,"href":"https:\/\/alternativa.pl\/en\/wp-json\/wp\/v2\/pages\/27\/revisions\/572"}],"up":[{"embeddable":true,"href":"https:\/\/alternativa.pl\/en\/wp-json\/wp\/v2\/pages\/11"}],"wp:featuredmedia":[{"embeddable":true,"href":"https:\/\/alternativa.pl\/en\/wp-json\/wp\/v2\/media\/67"}],"wp:attachment":[{"href":"https:\/\/alternativa.pl\/en\/wp-json\/wp\/v2\/media?parent=27"}],"curies":[{"name":"wp","href":"https:\/\/api.w.org\/{rel}","templated":true}]}}