{"id":24,"date":"2020-02-29T16:25:20","date_gmt":"2020-02-29T15:25:20","guid":{"rendered":"http:\/\/alternativa.pl\/?page_id=24"},"modified":"2022-02-21T15:35:57","modified_gmt":"2022-02-21T14:35:57","slug":"osteopatia-doroslych-i-dzieci","status":"publish","type":"page","link":"https:\/\/alternativa.pl\/en\/metody-terapii\/osteopatia-doroslych-i-dzieci\/","title":{"rendered":"Osteopathy"},"content":{"rendered":"\n<p>  Kr\u00f3tki opis osteopatii z 1919 roku w ponadczasowy spos\u00f3b oddaje jej istot\u0119: <\/p>\n\n\n\n<blockquote class=\"wp-block-quote\"><p> <strong>Osteopatia jest wiedz\u0105 struktury, stosunku i funkcji ka\u017cdej z cz\u0119\u015bci ludzkiego cia\u0142a, zastosowan\u0105 do nastawienia lub korekcji tego, co zaburza harmonijne dzia\u0142anie ca\u0142o\u015bci.<\/strong> <\/p><cite> \/ G.V. Webster, D.O. \/ <\/cite><\/blockquote>\n\n\n\n<p> <strong>Osteopatia<\/strong>&nbsp;zosta\u0142a stworzona przez ameryka\u0144skiego lekarza i chirurga&nbsp;<strong>Andrew Taylor Stilla<\/strong>, kt\u00f3ry w 1892 roku za\u0142o\u017cy\u0142 pierwsz\u0105 na \u015bwiecie medyczn\u0105 szko\u0142\u0119 osteopatyczn\u0105 \u2013&nbsp;American School of Osteopathy (teraz A.T. Still University) w Kirksville, Missouri USA. Dr Still &nbsp;by\u0142 jednym z pierwszych lekarzy promuj\u0105cych ide\u0119 medycyny prewencyjnej jak r\u00f3wnie\u017c filozofii praktyki, i\u017c lekarze osteopatyczni powinni si\u0119 skupi\u0107 bardziej na leczeniu choroby ni\u017c jej objaw\u00f3w. <\/p>\n\n\n\n<p>Dr. Still uwa\u017ca\u0142, \u017ce u podstaw problem\u00f3w zdrowotnych ludzi le\u017cy zaburzenie w uk\u0142adzie mi\u0119\u015bniowo-szkieletowym. Stworzy\u0142 wi\u0119c system manualnej diagnozy i leczenia, kt\u00f3re umo\u017cliwia rozwi\u0105zanie problem\u00f3w zdrowotnych i osi\u0105gn\u0105\u0107 wyleczenie wykorzystuj\u0105c w\u0142asny potencja\u0142 uzdrawiaj\u0105cy organizmu. <\/p>\n\n\n\n<blockquote class=\"wp-block-quote\"><p> <strong><em>Znajd\u017a, napraw i zostaw w spokoju.<\/em><\/strong> <\/p><cite> \/ A.T. STILL \/ <\/cite><\/blockquote>\n\n\n\n<p> Osteopatia jest manualn\u0105 form\u0105 leczenia dolegliwo\u015bci, kt\u00f3ra k\u0142adzie nacisk na wsp\u00f3\u0142zale\u017cno\u015b\u0107 pomi\u0119dzy struktur\u0105 i funkcj\u0105 ludzkiego organizmu. Jako dziedzina medyczna osteopatia jest szeroko rozwini\u0119t\u0105, holistyczn\u0105 form\u0105 medycyny manualnej, co odzwierciedla mnogo\u015b\u0107 technik osteopatycznych od nerwowo-mi\u0119\u015bniowo-szkieletowych, przez techniki trzewne do technik czaszkowych. <\/p>\n\n\n\n<p>Z praktycznego punktu widzenia istota osteopatii nie le\u017cy jednak w mechanistycznym aplikowaniu skomplikowanych technik lecz na znalezieniu i usuni\u0119ciu przyczyny objaw\u00f3w, czyli pierwotnej dysfunkcji somatycznej. Podstawowym przes\u0142aniem w diagnozie osteopatycznej jest&nbsp;wi\u0119c&nbsp;&nbsp;<strong>znalezienie regionu najwi\u0119kszego unieruchomienia&nbsp;<\/strong>(stawowego, tkankowego lub p\u0142ynowego)&nbsp;<strong>a leczenie polega na przywr\u00f3ceniu ruchu, kt\u00f3ry jest ekspresj\u0105 zdrowia i \u017cycia<\/strong> <\/p>\n\n\n\n<p> Zasady osteopatii s\u0105 g\u0142\u0119boko oparte o przekonanie, \u017ce organizm posiada w\u0142asne mo\u017cliwo\u015bci samoleczenia. Lekarze osteopatii w Stanach Zjednoczonych oraz osteopaci w pozosta\u0142ych regionach \u015bwiata diagnozuj\u0105 i lecz\u0105 dysfunkcje somatyczne u\u017cywaj\u0105c r\u00f3\u017cnych form manipulacji.<\/p>\n\n\n\n<p>Osteopaci s\u0105 wykszta\u0142ceni w leczeniu dolegliwo\u015bci b\u00f3lowych i dysfunkcji narz\u0105dowych w oparciu o g\u0142\u0119bokie zrozumienie anatomii, fizjologii, patologii i tego w jaki spos\u00f3b one si\u0119 odnosz\u0105 do zasad i filozofii osteopatii. <\/p>\n","protected":false},"excerpt":{"rendered":"<p>Osteopatia jest manualn\u0105 form\u0105 leczenia dolegliwo\u015bci, kt\u00f3ra k\u0142adzie nacisk na wsp\u00f3\u0142zale\u017cno\u015b\u0107 pomi\u0119dzy struktur\u0105 i funkcj\u0105 ludzkiego organizmu.<\/p>\n","protected":false},"author":1,"featured_media":64,"parent":11,"menu_order":0,"comment_status":"closed","ping_status":"closed","template":"therapy-methods.php","meta":[],"yoast_head":"<!-- This site is optimized with the Yoast SEO plugin v18.2 - https:\/\/yoast.com\/wordpress\/plugins\/seo\/ -->\n<title>Osteopathy - Centrum Osteopatii i Rehabilitacji Alternativa<\/title>\n<meta name=\"description\" content=\"Osteopatia jest manualn\u0105 form\u0105 leczenia dolegliwo\u015bci, kt\u00f3ra k\u0142adzie nacisk na wsp\u00f3\u0142zale\u017cno\u015b\u0107 pomi\u0119dzy struktur\u0105 i funkcj\u0105 ludzkiego organizmu.\" \/>\n<meta name=\"robots\" content=\"index, follow, max-snippet:-1, max-image-preview:large, max-video-preview:-1\" \/>\n<link rel=\"canonical\" href=\"https:\/\/alternativa.pl\/en\/metody-terapii\/osteopatia-doroslych-i-dzieci\/\" \/>\n<meta property=\"og:locale\" content=\"en_US\" \/>\n<meta property=\"og:type\" content=\"article\" \/>\n<meta property=\"og:title\" content=\"Osteopathy - Centrum Osteopatii i Rehabilitacji Alternativa\" \/>\n<meta property=\"og:description\" content=\"Osteopatia jest manualn\u0105 form\u0105 leczenia dolegliwo\u015bci, kt\u00f3ra k\u0142adzie nacisk na wsp\u00f3\u0142zale\u017cno\u015b\u0107 pomi\u0119dzy struktur\u0105 i funkcj\u0105 ludzkiego organizmu.\" \/>\n<meta property=\"og:url\" content=\"https:\/\/alternativa.pl\/en\/metody-terapii\/osteopatia-doroslych-i-dzieci\/\" \/>\n<meta property=\"og:site_name\" content=\"Centrum Osteopatii i Rehabilitacji Alternativa\" \/>\n<meta property=\"article:publisher\" content=\"https:\/\/www.facebook.com\/people\/Centrum-Osteopatii-i-Rehabilitacji-Alternativa-Krak%c3%b3wRabka-Zdr%c3%b3j\/100078279031696\/\" \/>\n<meta property=\"article:modified_time\" content=\"2022-02-21T14:35:57+00:00\" \/>\n<meta property=\"og:image\" content=\"https:\/\/alternativa.pl\/wp-content\/uploads\/2020\/03\/service-1.jpg\" \/>\n\t<meta property=\"og:image:width\" content=\"960\" \/>\n\t<meta property=\"og:image:height\" content=\"560\" \/>\n\t<meta property=\"og:image:type\" content=\"image\/jpeg\" \/>\n<meta name=\"twitter:card\" content=\"summary_large_image\" \/>\n<meta name=\"twitter:label1\" content=\"Est. reading time\" \/>\n\t<meta name=\"twitter:data1\" content=\"5 minutes\" \/>\n<script type=\"application\/ld+json\" class=\"yoast-schema-graph\">{\"@context\":\"https:\/\/schema.org\",\"@graph\":[{\"@type\":\"WebSite\",\"@id\":\"https:\/\/alternativa.pl\/en\/#website\",\"url\":\"https:\/\/alternativa.pl\/en\/\",\"name\":\"Centrum Osteopatii i Rehabilitacji Alternativa\",\"description\":\"Diagnostyka i leczenie osteopatyczne oraz rehabilitacja neurologiczna i ortopedyczna prowadzona przez wykwalifikowanych terapeut\u00f3w.\",\"potentialAction\":[{\"@type\":\"SearchAction\",\"target\":{\"@type\":\"EntryPoint\",\"urlTemplate\":\"https:\/\/alternativa.pl\/en\/?s={search_term_string}\"},\"query-input\":\"required name=search_term_string\"}],\"inLanguage\":\"en-US\"},{\"@type\":\"ImageObject\",\"@id\":\"https:\/\/alternativa.pl\/en\/metody-terapii\/osteopatia-doroslych-i-dzieci\/#primaryimage\",\"inLanguage\":\"en-US\",\"url\":\"https:\/\/alternativa.pl\/wp-content\/uploads\/2020\/03\/service-1.jpg\",\"contentUrl\":\"https:\/\/alternativa.pl\/wp-content\/uploads\/2020\/03\/service-1.jpg\",\"width\":960,\"height\":560,\"caption\":\"Osteopatia doros\u0142ych i dzieci\"},{\"@type\":\"WebPage\",\"@id\":\"https:\/\/alternativa.pl\/en\/metody-terapii\/osteopatia-doroslych-i-dzieci\/#webpage\",\"url\":\"https:\/\/alternativa.pl\/en\/metody-terapii\/osteopatia-doroslych-i-dzieci\/\",\"name\":\"Osteopathy - Centrum Osteopatii i Rehabilitacji Alternativa\",\"isPartOf\":{\"@id\":\"https:\/\/alternativa.pl\/en\/#website\"},\"primaryImageOfPage\":{\"@id\":\"https:\/\/alternativa.pl\/en\/metody-terapii\/osteopatia-doroslych-i-dzieci\/#primaryimage\"},\"datePublished\":\"2020-02-29T15:25:20+00:00\",\"dateModified\":\"2022-02-21T14:35:57+00:00\",\"description\":\"Osteopatia jest manualn\u0105 form\u0105 leczenia dolegliwo\u015bci, kt\u00f3ra k\u0142adzie nacisk na wsp\u00f3\u0142zale\u017cno\u015b\u0107 pomi\u0119dzy struktur\u0105 i funkcj\u0105 ludzkiego organizmu.\",\"breadcrumb\":{\"@id\":\"https:\/\/alternativa.pl\/en\/metody-terapii\/osteopatia-doroslych-i-dzieci\/#breadcrumb\"},\"inLanguage\":\"en-US\",\"potentialAction\":[{\"@type\":\"ReadAction\",\"target\":[\"https:\/\/alternativa.pl\/en\/metody-terapii\/osteopatia-doroslych-i-dzieci\/\"]}]},{\"@type\":\"BreadcrumbList\",\"@id\":\"https:\/\/alternativa.pl\/en\/metody-terapii\/osteopatia-doroslych-i-dzieci\/#breadcrumb\",\"itemListElement\":[{\"@type\":\"ListItem\",\"position\":1,\"name\":\"Home Page\",\"item\":\"https:\/\/alternativa.pl\/\"},{\"@type\":\"ListItem\",\"position\":2,\"name\":\"Therapies\",\"item\":\"https:\/\/alternativa.pl\/en\/metody-terapii\/\"},{\"@type\":\"ListItem\",\"position\":3,\"name\":\"Osteopathy\"}]}]}<\/script>\n<!-- \/ Yoast SEO plugin. -->","yoast_head_json":{"title":"Osteopathy - Centrum Osteopatii i Rehabilitacji Alternativa","description":"Osteopatia jest manualn\u0105 form\u0105 leczenia dolegliwo\u015bci, kt\u00f3ra k\u0142adzie nacisk na wsp\u00f3\u0142zale\u017cno\u015b\u0107 pomi\u0119dzy struktur\u0105 i funkcj\u0105 ludzkiego organizmu.","robots":{"index":"index","follow":"follow","max-snippet":"max-snippet:-1","max-image-preview":"max-image-preview:large","max-video-preview":"max-video-preview:-1"},"canonical":"https:\/\/alternativa.pl\/en\/metody-terapii\/osteopatia-doroslych-i-dzieci\/","og_locale":"en_US","og_type":"article","og_title":"Osteopathy - Centrum Osteopatii i Rehabilitacji Alternativa","og_description":"Osteopatia jest manualn\u0105 form\u0105 leczenia dolegliwo\u015bci, kt\u00f3ra k\u0142adzie nacisk na wsp\u00f3\u0142zale\u017cno\u015b\u0107 pomi\u0119dzy struktur\u0105 i funkcj\u0105 ludzkiego organizmu.","og_url":"https:\/\/alternativa.pl\/en\/metody-terapii\/osteopatia-doroslych-i-dzieci\/","og_site_name":"Centrum Osteopatii i Rehabilitacji Alternativa","article_publisher":"https:\/\/www.facebook.com\/people\/Centrum-Osteopatii-i-Rehabilitacji-Alternativa-Krak%c3%b3wRabka-Zdr%c3%b3j\/100078279031696\/","article_modified_time":"2022-02-21T14:35:57+00:00","og_image":[{"width":960,"height":560,"url":"https:\/\/alternativa.pl\/wp-content\/uploads\/2020\/03\/service-1.jpg","type":"image\/jpeg"}],"twitter_card":"summary_large_image","twitter_misc":{"Est. reading time":"5 minutes"},"schema":{"@context":"https:\/\/schema.org","@graph":[{"@type":"WebSite","@id":"https:\/\/alternativa.pl\/en\/#website","url":"https:\/\/alternativa.pl\/en\/","name":"Centrum Osteopatii i Rehabilitacji Alternativa","description":"Diagnostyka i leczenie osteopatyczne oraz rehabilitacja neurologiczna i ortopedyczna prowadzona przez wykwalifikowanych terapeut\u00f3w.","potentialAction":[{"@type":"SearchAction","target":{"@type":"EntryPoint","urlTemplate":"https:\/\/alternativa.pl\/en\/?s={search_term_string}"},"query-input":"required name=search_term_string"}],"inLanguage":"en-US"},{"@type":"ImageObject","@id":"https:\/\/alternativa.pl\/en\/metody-terapii\/osteopatia-doroslych-i-dzieci\/#primaryimage","inLanguage":"en-US","url":"https:\/\/alternativa.pl\/wp-content\/uploads\/2020\/03\/service-1.jpg","contentUrl":"https:\/\/alternativa.pl\/wp-content\/uploads\/2020\/03\/service-1.jpg","width":960,"height":560,"caption":"Osteopatia doros\u0142ych i dzieci"},{"@type":"WebPage","@id":"https:\/\/alternativa.pl\/en\/metody-terapii\/osteopatia-doroslych-i-dzieci\/#webpage","url":"https:\/\/alternativa.pl\/en\/metody-terapii\/osteopatia-doroslych-i-dzieci\/","name":"Osteopathy - Centrum Osteopatii i Rehabilitacji Alternativa","isPartOf":{"@id":"https:\/\/alternativa.pl\/en\/#website"},"primaryImageOfPage":{"@id":"https:\/\/alternativa.pl\/en\/metody-terapii\/osteopatia-doroslych-i-dzieci\/#primaryimage"},"datePublished":"2020-02-29T15:25:20+00:00","dateModified":"2022-02-21T14:35:57+00:00","description":"Osteopatia jest manualn\u0105 form\u0105 leczenia dolegliwo\u015bci, kt\u00f3ra k\u0142adzie nacisk na wsp\u00f3\u0142zale\u017cno\u015b\u0107 pomi\u0119dzy struktur\u0105 i funkcj\u0105 ludzkiego organizmu.","breadcrumb":{"@id":"https:\/\/alternativa.pl\/en\/metody-terapii\/osteopatia-doroslych-i-dzieci\/#breadcrumb"},"inLanguage":"en-US","potentialAction":[{"@type":"ReadAction","target":["https:\/\/alternativa.pl\/en\/metody-terapii\/osteopatia-doroslych-i-dzieci\/"]}]},{"@type":"BreadcrumbList","@id":"https:\/\/alternativa.pl\/en\/metody-terapii\/osteopatia-doroslych-i-dzieci\/#breadcrumb","itemListElement":[{"@type":"ListItem","position":1,"name":"Home Page","item":"https:\/\/alternativa.pl\/"},{"@type":"ListItem","position":2,"name":"Therapies","item":"https:\/\/alternativa.pl\/en\/metody-terapii\/"},{"@type":"ListItem","position":3,"name":"Osteopathy"}]}]}},"_links":{"self":[{"href":"https:\/\/alternativa.pl\/en\/wp-json\/wp\/v2\/pages\/24"}],"collection":[{"href":"https:\/\/alternativa.pl\/en\/wp-json\/wp\/v2\/pages"}],"about":[{"href":"https:\/\/alternativa.pl\/en\/wp-json\/wp\/v2\/types\/page"}],"author":[{"embeddable":true,"href":"https:\/\/alternativa.pl\/en\/wp-json\/wp\/v2\/users\/1"}],"replies":[{"embeddable":true,"href":"https:\/\/alternativa.pl\/en\/wp-json\/wp\/v2\/comments?post=24"}],"version-history":[{"count":31,"href":"https:\/\/alternativa.pl\/en\/wp-json\/wp\/v2\/pages\/24\/revisions"}],"predecessor-version":[{"id":665,"href":"https:\/\/alternativa.pl\/en\/wp-json\/wp\/v2\/pages\/24\/revisions\/665"}],"up":[{"embeddable":true,"href":"https:\/\/alternativa.pl\/en\/wp-json\/wp\/v2\/pages\/11"}],"wp:featuredmedia":[{"embeddable":true,"href":"https:\/\/alternativa.pl\/en\/wp-json\/wp\/v2\/media\/64"}],"wp:attachment":[{"href":"https:\/\/alternativa.pl\/en\/wp-json\/wp\/v2\/media?parent=24"}],"curies":[{"name":"wp","href":"https:\/\/api.w.org\/{rel}","templated":true}]}}